{"id":762,"date":"2017-12-01T09:52:07","date_gmt":"2017-12-01T08:52:07","guid":{"rendered":"https:\/\/www.ikab.de\/research-evaluation-consultation\/"},"modified":"2018-06-28T17:30:32","modified_gmt":"2018-06-28T15:30:32","slug":"recherche-evaluation-conseil","status":"publish","type":"page","link":"https:\/\/www.ikab.de\/fr\/champ-daction\/recherche-evaluation-conseil\/","title":{"rendered":"Recherche, \u00e9valuation et conseil"},"content":{"rendered":"<section class=\"wpb-content-wrapper\"><p>[vc_row][vc_column][vc_column_text]<\/p>\n<h1>Recherche, \u00e9valuation et conseil<\/h1>\n<p>[\/vc_column_text][vc_single_image image=&#8221;396&#8243; img_size=&#8221;full&#8221; alignment=&#8221;center&#8221;][vc_column_text]<strong>Notre principal champ d\u2019action est la recherche qualitative en sciences sociales dans le contexte interculturel.<\/strong> Nous sommes plus particuli\u00e8rement sp\u00e9cialis\u00e9s dans les \u00e9tudes d&#8217;\u00e9valuation, orient\u00e9es vers la recherche-action dans les politiques d&#8217;\u00e9ducation et de la jeunesse.<\/p>\n<p>Depuis 2009, nous sommes engag\u00e9s en tant que partenaire de coop\u00e9ration de JUGEND f\u00fcr Europa, l\u2019Agence nationale allemande pour le programme europ\u00e9en Erasmus+ Jeunesse en action (anciennement\u00a0: Programme Jeunesse en action), au sein du projet europ\u00e9en \u00ab\u00a0RAY \u2013 Research-based Analysis and Monitoring of Youth in Action\u00a0\u00bb. Nous coop\u00e9rons avec des coll\u00e8gues d\u2019universit\u00e9s et d\u2019instituts de recherche et de conseil de l\u2019Europe toute enti\u00e8re. La coop\u00e9ration interdisciplinaire est la quintessence m\u00eame de nos activit\u00e9s.<\/p>\n<p>Sous le titre \u00ab\u00a0Unter der Lupe\u00a0\u00bb (Sous la loupe), nous effectuons \u00e9galement depuis 2009, en coop\u00e9ration avec JUGEND f\u00fcr Europa et le groupe de recherche Jugend und Europa (jeunesse et Europe) au Centre des recherches politiques appliqu\u00e9es \u00e0 Munich, l\u2019accompagnement scientifique du programme Erasmus+ Jeunesse en action (anciennement\u00a0: Programme Jeunesse en action).<\/p>\n<p>En outre, nous conseillons des acteurs du monde politique et administratif pour la mise en place de la politique europ\u00e9enne dans les secteurs de la politique jeunesse et du travail jeunesse. Ainsi, au fil de la mise en \u0153uvre en Allemagne de la strat\u00e9gie europ\u00e9enne pour la jeunesse, nous avons assur\u00e9 l\u2019accompagnement scientifique des initiatives de d\u00e9veloppement sp\u00e9cifiques de diff\u00e9rents \u00e9tats f\u00e9d\u00e9r\u00e9s (L\u00e4nder), prises dans le cadre du projet mod\u00e8le \u00ab\u00a0Grenz\u00fcberschreitende Lernmobilit\u00e4t erm\u00f6glichen\u00a0\u00bb (Permettre une mobilit\u00e9 transfrontali\u00e8re d\u2019apprentissage).[\/vc_column_text][\/vc_column][\/vc_row]<\/p>\n<\/section>","protected":false},"excerpt":{"rendered":"<p>[vc_row][vc_column][vc_column_text] Recherche, \u00e9valuation et conseil [\/vc_column_text][vc_single_image image=&#8221;396&#8243; img_size=&#8221;full&#8221; alignment=&#8221;center&#8221;][vc_column_text]Notre principal champ d\u2019action est la recherche qualitative en sciences sociales dans le contexte interculturel. Nous sommes plus particuli\u00e8rement sp\u00e9cialis\u00e9s dans les \u00e9tudes d&#8217;\u00e9valuation, orient\u00e9es vers la recherche-action dans les politiques d&#8217;\u00e9ducation et de la jeunesse. Depuis 2009, nous sommes engag\u00e9s en tant que partenaire de coop\u00e9ration&hellip;<\/p>\n","protected":false},"author":1,"featured_media":0,"parent":773,"menu_order":0,"comment_status":"closed","ping_status":"closed","template":"","meta":[],"_links":{"self":[{"href":"https:\/\/www.ikab.de\/fr\/wp-json\/wp\/v2\/pages\/762"}],"collection":[{"href":"https:\/\/www.ikab.de\/fr\/wp-json\/wp\/v2\/pages"}],"about":[{"href":"https:\/\/www.ikab.de\/fr\/wp-json\/wp\/v2\/types\/page"}],"author":[{"embeddable":true,"href":"https:\/\/www.ikab.de\/fr\/wp-json\/wp\/v2\/users\/1"}],"replies":[{"embeddable":true,"href":"https:\/\/www.ikab.de\/fr\/wp-json\/wp\/v2\/comments?post=762"}],"version-history":[{"count":2,"href":"https:\/\/www.ikab.de\/fr\/wp-json\/wp\/v2\/pages\/762\/revisions"}],"predecessor-version":[{"id":764,"href":"https:\/\/www.ikab.de\/fr\/wp-json\/wp\/v2\/pages\/762\/revisions\/764"}],"up":[{"embeddable":true,"href":"https:\/\/www.ikab.de\/fr\/wp-json\/wp\/v2\/pages\/773"}],"wp:attachment":[{"href":"https:\/\/www.ikab.de\/fr\/wp-json\/wp\/v2\/media?parent=762"}],"curies":[{"name":"wp","href":"https:\/\/api.w.org\/{rel}","templated":true}]}}