{"id":766,"date":"2017-12-01T09:43:54","date_gmt":"2017-12-01T08:43:54","guid":{"rendered":"https:\/\/www.ikab.de\/qualifizierung-professionalisierung\/"},"modified":"2018-06-28T17:42:37","modified_gmt":"2018-06-28T15:42:37","slug":"qualification-professionnalisation","status":"publish","type":"page","link":"https:\/\/www.ikab.de\/fr\/champ-daction\/qualification-professionnalisation\/","title":{"rendered":"Qualification et professionnalisation"},"content":{"rendered":"<section class=\"wpb-content-wrapper\"><p>[vc_row 0=&#8221;&#8221;][vc_column 0=&#8221;&#8221;][vc_column_text 0=&#8221;&#8221;]<\/p>\n<h1>Qualification et professionnalisation<\/h1>\n<p>Nos offres de formation continue s\u2019adressent surtout \u00e0 des multiplicateur\u00b7rice\u00b7s permanent\u00b7e\u00b7s ou b\u00e9n\u00e9voles du travail jeunesse et du travail social en Allemagne et dans toute l\u2019Europe, et qui ont d\u00e9j\u00e0 acquis de l\u2019exp\u00e9rience dans le travail interculturel ou qui d\u00e9sirent se qualifier pour les aspects sp\u00e9cifiques du travail jeunesse dans un cadre europ\u00e9en ou international.<\/p>\n<p>La conception et la mise en \u0153uvre des offres de formation s\u2019effectuent g\u00e9n\u00e9ralement au sein d\u2019une plateforme de coop\u00e9ration et\/ou pour le compte de tiers. Voici une s\u00e9lection de projets de qualification exemplaires:<\/p>\n<ul>\n<li>Formation continue germano-franco-tunisienne pour des professionnel\u00b7le\u00b7s du travail jeunesse international, d\u00e9di\u00e9e au th\u00e8me de la protection et de la s\u00e9curit\u00e9 lors de rencontres internationales de jeunes (Organisme de soutien\u00a0: Office franco-allemand pour la Jeunesse)<\/li>\n<li>Formation continue sur le long terme germano-tunisienne pour des professionnel\u00b7le\u00b7s du travail jeunesse d\u00e9di\u00e9e \u00e0 l\u2019\u00ab\u00a0Activation de jeunes pour le d\u00e9veloppement de la soci\u00e9t\u00e9 civile \u2013 Mais comment\u00a0?\u00a0\u00bb (Organisme de soutien\u00a0: Minist\u00e8re des Affaires \u00e9trang\u00e8res allemand)<\/li>\n<li>Formations internationales pour des professionnel\u00b7le\u00b7s du travail jeunesse international, d\u00e9di\u00e9es \u00e0 des th\u00e8mes tels que l\u2019apprentissage interculturel, le travail international en \u00e9quipe, la reconnaissance de l\u2019apprentissage non formel (Organisme de soutien\u00a0: Jugend f\u00fcr Europa (Jeunesse pour l\u2019Europe) \u2013 Agence nationale allemande pour le programme Jeunesse en action de la Commission europ\u00e9enne)<\/li>\n<li>Formations internationales pour des professionnel\u00b7le\u00b7s de la formation non formelle pour adultes, d\u00e9di\u00e9s au th\u00e8me de la \u00ab\u00a0Comp\u00e9tence d\u2019apprentissage\u00a0\u00bb dans le cadre d\u2019un projet europ\u00e9en de deux ans, avec des partenaires d\u2019Italie, de Lituanie, de Slov\u00e9nie, d\u2019Espagne et d\u2019Autriche (Organisme de soutien\u00a0: Commission europ\u00e9enne)<\/li>\n<li>Formation d\u00e9di\u00e9e au th\u00e8me de la sensibilisation interculturelle et de la comp\u00e9tence interculturelle pour collaborateur\u00b7rice\u00b7s de Missions Locales (Jobcenter) (Commanditaire\u00a0: Jobcenter de Mayen-Coblence)<\/li>\n<\/ul>\n<p>Par ailleurs, nous nous engageons dans le d\u00e9veloppement de th\u00e9ories ainsi que dans le conseil d\u2019institutions et d\u2019organismes de soutien concernant la formation et la formation continue de personnes actives dans le travail jeunesse \u00e0 l\u2019\u00e9chelle internationale.<\/p>\n<p>Les notions cl\u00e9s de notre approche en termes de professionnalisation sont r\u00e9sum\u00e9es sous forme de th\u00e8ses dans ces deux documents\u00a0:<\/p>\n<p>Otten, Hendrik;\u00a0Ohana, Yael: <a href=\"https:\/\/www.ikab.de\/wp-content\/uploads\/Otten_Ohana_8keycompetence_study_2009.pdf\" target=\"_blank\" rel=\"noopener\"><em>The eight key competencies for Lifelong Learning: an appropriate framework within which to develop the competence of trainers in the field of European youth work or just plain politics?<\/em><\/a> SALTO, Bonn: September 2009.<\/p>\n<p>Otten, Hendrik: <a href=\"https:\/\/www.ikab.de\/wp-content\/uploads\/Otten_thesen_neu_de_Feb09.pdf\" target=\"_blank\" rel=\"noopener\"><em>Zehn Thesen zum Zusammenhang von europ\u00e4ischer Jugendarbeit, interkulturellem Lernen und Anforderungen an haupt- und nebenamtliche Mitarbeiterinnen und Mitarbeiter im Hinblick auf ihre Qualifizierung und Professionalisierung ihrer Arbeit.<\/em><\/a> Europarat\/Europ\u00e4isches Jugendzentrum Budapest: Februar 2009.[\/vc_column_text][\/vc_column][\/vc_row]<\/p>\n<\/section>","protected":false},"excerpt":{"rendered":"<p>[vc_row 0=&#8221;&#8221;][vc_column 0=&#8221;&#8221;][vc_column_text 0=&#8221;&#8221;] Qualification et professionnalisation Nos offres de formation continue s\u2019adressent surtout \u00e0 des multiplicateur\u00b7rice\u00b7s permanent\u00b7e\u00b7s ou b\u00e9n\u00e9voles du travail jeunesse et du travail social en Allemagne et dans toute l\u2019Europe, et qui ont d\u00e9j\u00e0 acquis de l\u2019exp\u00e9rience dans le travail interculturel ou qui d\u00e9sirent se qualifier pour les aspects sp\u00e9cifiques du travail&hellip;<\/p>\n","protected":false},"author":1,"featured_media":0,"parent":773,"menu_order":0,"comment_status":"closed","ping_status":"closed","template":"","meta":[],"_links":{"self":[{"href":"https:\/\/www.ikab.de\/fr\/wp-json\/wp\/v2\/pages\/766"}],"collection":[{"href":"https:\/\/www.ikab.de\/fr\/wp-json\/wp\/v2\/pages"}],"about":[{"href":"https:\/\/www.ikab.de\/fr\/wp-json\/wp\/v2\/types\/page"}],"author":[{"embeddable":true,"href":"https:\/\/www.ikab.de\/fr\/wp-json\/wp\/v2\/users\/1"}],"replies":[{"embeddable":true,"href":"https:\/\/www.ikab.de\/fr\/wp-json\/wp\/v2\/comments?post=766"}],"version-history":[{"count":2,"href":"https:\/\/www.ikab.de\/fr\/wp-json\/wp\/v2\/pages\/766\/revisions"}],"predecessor-version":[{"id":771,"href":"https:\/\/www.ikab.de\/fr\/wp-json\/wp\/v2\/pages\/766\/revisions\/771"}],"up":[{"embeddable":true,"href":"https:\/\/www.ikab.de\/fr\/wp-json\/wp\/v2\/pages\/773"}],"wp:attachment":[{"href":"https:\/\/www.ikab.de\/fr\/wp-json\/wp\/v2\/media?parent=766"}],"curies":[{"name":"wp","href":"https:\/\/api.w.org\/{rel}","templated":true}]}}