{"id":777,"date":"2017-12-01T09:36:51","date_gmt":"2017-12-01T08:36:51","guid":{"rendered":"https:\/\/www.ikab.de\/champ-daction\/inklusion-und-integration\/"},"modified":"2022-03-15T17:24:52","modified_gmt":"2022-03-15T16:24:52","slug":"inclusion-et-integration","status":"publish","type":"page","link":"https:\/\/www.ikab.de\/fr\/champ-daction\/inclusion-et-integration\/","title":{"rendered":"Inclusion et int\u00e9gration"},"content":{"rendered":"<section class=\"wpb-content-wrapper\"><p>[vc_row 0=&#8221;&#8221;][vc_column 0=&#8221;&#8221;][vc_column_text 0=&#8221;&#8221;]<\/p>\n<h1>Inclusion et int\u00e9gration<\/h1>\n<p>Avec nos offres \u00e9ducatives, nous \u0153uvrons en faveur de l\u2019\u00e9galit\u00e9 des chances d\u2019acc\u00e8s et de participation \u00e0 la soci\u00e9t\u00e9 pour tous les \u00eatres humains.<\/p>\n<p>L\u2019inclusion en tant que principe pour compenser les in\u00e9galit\u00e9s de toute sorte signifie pour nous, qu\u2019il faut s\u2019int\u00e9resser aux personnes en respectant et appr\u00e9ciant la diversit\u00e9 de leurs modes de vie et de leurs apparences, tout en admettant la diversit\u00e9 et le pluralisme culturel comme une normalit\u00e9.<\/p>\n<p>Dans la mesure du possible, nous choisissons nos lieux d\u2019accueil de mani\u00e8re \u00e0 ce que des personnes int\u00e9ress\u00e9es en situation de handicap puissent participer \u00e0 nos offres \u00e9ducatives.<\/p>\n<p>Depuis notre fondation, nous nous engageons en particulier pour des jeunes qui, pour diverses raisons, disposent de moins d\u2019opportunit\u00e9s, p.ex. des jeunes r\u00e9fugi\u00e9\u00b7e\u00b7s, des jeunes issu\u00b7e\u00b7s de la migration ou des jeunes en insertion professionnelle.<\/p>\n<p>Avec nos offres \u00e9ducatives non formelles, nous voulons permettre \u00e0 nos participant\u00b7e\u00b7s de nouvelles exp\u00e9riences d\u2019apprentissage mettant en exergue leurs ressources, capacit\u00e9s et aptitudes.[\/vc_column_text][vc_single_image image=&#8221;452&#8243; img_size=&#8221;full&#8221; alignment=&#8221;center&#8221;][vc_column_text 0=&#8221;&#8221;]En dehors de nos s\u00e9minaires employant une \u00ab p\u00e9dagogie \u00e0 court terme \u00bb, nous organisons aussi, en tant que membre d\u2019une plateforme de coop\u00e9ration compos\u00e9e de Missions Locales (Jobcenter), d\u2019entreprises et de centres d\u2019insertion professionnelle, des mesures internationales \u00e0 long terme d\u2019une dur\u00e9e de six mois. Le projets, financ\u00e9s par le minist\u00e8re f\u00e9d\u00e9ral allemand du Travail et des Affaires sociales (BMAS) et par le Fonds social europ\u00e9en (FSE), offre \u00e0 des jeunes frapp\u00e9s par le ch\u00f4mage de nouvelles opportunit\u00e9s et l\u2019acc\u00e8s \u00e0 l\u2019emploi, \u00e0 la formation et \u00e0 la formation continue, gr\u00e2ce \u00e0 des s\u00e9jours d\u2019apprentissage et de travail encadr\u00e9s en France.[\/vc_column_text][\/vc_column][\/vc_row]<\/p>\n<\/section>","protected":false},"excerpt":{"rendered":"<p>[vc_row 0=&#8221;&#8221;][vc_column 0=&#8221;&#8221;][vc_column_text 0=&#8221;&#8221;] Inclusion et int\u00e9gration Avec nos offres \u00e9ducatives, nous \u0153uvrons en faveur de l\u2019\u00e9galit\u00e9 des chances d\u2019acc\u00e8s et de participation \u00e0 la soci\u00e9t\u00e9 pour tous les \u00eatres humains. L\u2019inclusion en tant que principe pour compenser les in\u00e9galit\u00e9s de toute sorte signifie pour nous, qu\u2019il faut s\u2019int\u00e9resser aux personnes en respectant et appr\u00e9ciant&hellip;<\/p>\n","protected":false},"author":1,"featured_media":0,"parent":773,"menu_order":0,"comment_status":"closed","ping_status":"closed","template":"","meta":[],"_links":{"self":[{"href":"https:\/\/www.ikab.de\/fr\/wp-json\/wp\/v2\/pages\/777"}],"collection":[{"href":"https:\/\/www.ikab.de\/fr\/wp-json\/wp\/v2\/pages"}],"about":[{"href":"https:\/\/www.ikab.de\/fr\/wp-json\/wp\/v2\/types\/page"}],"author":[{"embeddable":true,"href":"https:\/\/www.ikab.de\/fr\/wp-json\/wp\/v2\/users\/1"}],"replies":[{"embeddable":true,"href":"https:\/\/www.ikab.de\/fr\/wp-json\/wp\/v2\/comments?post=777"}],"version-history":[{"count":5,"href":"https:\/\/www.ikab.de\/fr\/wp-json\/wp\/v2\/pages\/777\/revisions"}],"predecessor-version":[{"id":1639,"href":"https:\/\/www.ikab.de\/fr\/wp-json\/wp\/v2\/pages\/777\/revisions\/1639"}],"up":[{"embeddable":true,"href":"https:\/\/www.ikab.de\/fr\/wp-json\/wp\/v2\/pages\/773"}],"wp:attachment":[{"href":"https:\/\/www.ikab.de\/fr\/wp-json\/wp\/v2\/media?parent=777"}],"curies":[{"name":"wp","href":"https:\/\/api.w.org\/{rel}","templated":true}]}}