{"id":783,"date":"2017-12-01T09:34:53","date_gmt":"2017-12-01T08:34:53","guid":{"rendered":"https:\/\/www.ikab.de\/champ-daction\/zivilgesellschaftliches-engagement\/"},"modified":"2020-01-20T16:51:36","modified_gmt":"2020-01-20T15:51:36","slug":"engagement-citoyen","status":"publish","type":"page","link":"https:\/\/www.ikab.de\/fr\/champ-daction\/engagement-citoyen\/","title":{"rendered":"Engagement citoyen"},"content":{"rendered":"<section class=\"wpb-content-wrapper\"><p>[vc_row 0=&#8221;&#8221;][vc_column 0=&#8221;&#8221;][vc_column_text 0=&#8221;&#8221;]<\/p>\n<h1>Engagement citoyen<\/h1>\n<p>En ce qui concerne la mise en \u0153uvre progressive de la vision d\u2019une soci\u00e9t\u00e9 civile europ\u00e9enne d\u00e9mocratique, notre attention s\u2019est port\u00e9e de mani\u00e8re renforc\u00e9e sur les jeunes qui s\u2019engagent socialement de diff\u00e9rentes fa\u00e7ons comme volontaires.<\/p>\n<p>Dans nos s\u00e9minaires, nous offrons aux participants des pistes de r\u00e9flexion et des possibilit\u00e9s pour appr\u00e9hender leur engagement volontaire comme champ d\u2019apprentissage pour le d\u00e9veloppement et le renforcement de la soci\u00e9t\u00e9 civile, pour qu\u2019ils d\u00e9veloppent eux-m\u00eames des comp\u00e9tences citoyennes n\u00e9cessaires et utiles, et les impl\u00e9mentent dans un contexte socio-politique concret.<\/p>\n<p>Par ailleurs, nous organisons en coop\u00e9ration avec l\u2019association de droit allemand ijgd (<a href=\"https:\/\/freiwilligesjahr-nrw.ijgd.de\/\" target=\"_blank\" rel=\"noopener\">Internationale Jugendgemeinschaftsdienste<\/a>) des s\u00e9minaires nationaux et \u00e9galement franco-allemands avec des jeunes effectuant un volontariat, durant lesquels la comparaison des conditions pour un engagement en faveur de la soci\u00e9t\u00e9 civile dans les deux pays est th\u00e9matis\u00e9e. La comparaison interculturelle offre un espace pour un \u00e9change d\u2019exp\u00e9riences ainsi qu\u2019une opportunit\u00e9 pour d\u00e9battre de l\u2019importance et du r\u00f4le socio-politique du volontariat en Europe dans le but de renforcer l\u2019engagement des jeunes dans la soci\u00e9t\u00e9 civile.<\/p>\n<p>La planification et la mise en \u0153uvre b\u00e9n\u00e9ficient de notre longue exp\u00e9rience dans la gestion de projets europ\u00e9ens. En tant que partenaire coordinateur, nous avons men\u00e9 de 2015 \u00e0 2017, ensemble avec 13 fondations et institutions de la soci\u00e9t\u00e9 civile, ainsi que des organisations exp\u00e9riment\u00e9es dans le domaine du volontariat, \u00e9tablies en Allemagne, France, Grande-Bretagne, Pologne, Espagne et Roumanie, le projet pilote europ\u00e9en \u00ab\u00a0European Voluntary Service for All\u00a0\u00bb (EVS4ALL). Avec le soutien de la Fondation culturelle Allianz, le projet a eu pour but de faciliter l\u2019acc\u00e8s au service volontaire europ\u00e9en existant pour le groupe cible des jeunes d\u00e9favoris\u00e9\u00b7e\u00b7s.[\/vc_column_text][\/vc_column][\/vc_row]<\/p>\n<\/section>","protected":false},"excerpt":{"rendered":"<p>[vc_row 0=&#8221;&#8221;][vc_column 0=&#8221;&#8221;][vc_column_text 0=&#8221;&#8221;] Engagement citoyen En ce qui concerne la mise en \u0153uvre progressive de la vision d\u2019une soci\u00e9t\u00e9 civile europ\u00e9enne d\u00e9mocratique, notre attention s\u2019est port\u00e9e de mani\u00e8re renforc\u00e9e sur les jeunes qui s\u2019engagent socialement de diff\u00e9rentes fa\u00e7ons comme volontaires. Dans nos s\u00e9minaires, nous offrons aux participants des pistes de r\u00e9flexion et des possibilit\u00e9s&hellip;<\/p>\n","protected":false},"author":1,"featured_media":0,"parent":773,"menu_order":0,"comment_status":"closed","ping_status":"closed","template":"","meta":[],"_links":{"self":[{"href":"https:\/\/www.ikab.de\/fr\/wp-json\/wp\/v2\/pages\/783"}],"collection":[{"href":"https:\/\/www.ikab.de\/fr\/wp-json\/wp\/v2\/pages"}],"about":[{"href":"https:\/\/www.ikab.de\/fr\/wp-json\/wp\/v2\/types\/page"}],"author":[{"embeddable":true,"href":"https:\/\/www.ikab.de\/fr\/wp-json\/wp\/v2\/users\/1"}],"replies":[{"embeddable":true,"href":"https:\/\/www.ikab.de\/fr\/wp-json\/wp\/v2\/comments?post=783"}],"version-history":[{"count":5,"href":"https:\/\/www.ikab.de\/fr\/wp-json\/wp\/v2\/pages\/783\/revisions"}],"predecessor-version":[{"id":1318,"href":"https:\/\/www.ikab.de\/fr\/wp-json\/wp\/v2\/pages\/783\/revisions\/1318"}],"up":[{"embeddable":true,"href":"https:\/\/www.ikab.de\/fr\/wp-json\/wp\/v2\/pages\/773"}],"wp:attachment":[{"href":"https:\/\/www.ikab.de\/fr\/wp-json\/wp\/v2\/media?parent=783"}],"curies":[{"name":"wp","href":"https:\/\/api.w.org\/{rel}","templated":true}]}}