{"id":794,"date":"2017-12-01T08:42:53","date_gmt":"2017-12-01T07:42:53","guid":{"rendered":"https:\/\/www.ikab.de\/champ-daction\/intercultural-youth-encounters\/"},"modified":"2018-09-13T12:59:12","modified_gmt":"2018-09-13T10:59:12","slug":"rencontres-interculturelles-de-jeunes","status":"publish","type":"page","link":"https:\/\/www.ikab.de\/fr\/champ-daction\/rencontres-interculturelles-de-jeunes\/","title":{"rendered":"Rencontres interculturelles de jeunes"},"content":{"rendered":"<section class=\"wpb-content-wrapper\"><p>[vc_row][vc_column][vc_column_text]<\/p>\n<h1>Rencontres interculturelles de jeunes<\/h1>\n<p>C\u2019est en \u00e9troite coop\u00e9ration avec nos partenaires institutionnels, la <a href=\"https:\/\/www.infa-fondation.com\/\" target=\"_blank\" rel=\"noopener\">Fondation INFA<\/a> en France et le <a href=\"http:\/\/www.ccab.tn\/\" target=\"_blank\" rel=\"noopener\">Club Culturel Ali Belhouane<\/a> en Tunisie, que nous mettons en \u0153uvre, en tant que Centrale de l\u2019<a href=\"https:\/\/www.ofaj.org\/\" target=\"_blank\" rel=\"noopener\">Office franco-allemand pour la Jeunesse<\/a> des projets d\u2019\u00e9change de jeunes bi- et trinationaux. Les participants nous parviennent via notre r\u00e9seau partenaire compos\u00e9 d\u2019instituts de formation professionnelle, de lyc\u00e9es professionnels et de maisons des jeunes.<\/p>\n<p>Une <strong>premi\u00e8re rencontre de jeunes d\u2019une dur\u00e9e de six jours en Allemagne<\/strong> est suivie, six mois plus tard, par une <strong>seconde rencontre en France<\/strong> puis, le cas \u00e9ch\u00e9ant, par une autre en Tunisie, le troisi\u00e8me pays. La responsabilit\u00e9 pour l\u2019organisation et la p\u00e9dagogie incombe de mani\u00e8re respective \u00e0 IKAB-Bildungswerk, \u00e0 la Fondation INFA ou au Club Culturel Ali Belhouane. Les activit\u00e9s visent surtout \u00e0 d\u00e9velopper des comp\u00e9tences personnelles, sociales et interculturelles. Nous interpr\u00e9tons de mani\u00e8re large l\u2019encouragement de comp\u00e9tences, qui implique la participation et l\u2019engagement en faveur d\u2019une citoyennet\u00e9 d\u00e9mocratique. La stabilit\u00e9 personnelle, la coop\u00e9ration, la solidarit\u00e9 et un esprit d\u2019initiative sont des conditions pr\u00e9alables pour pouvoir agir en \u00eatre responsable, tant pour soi qu\u2019au sein de la soci\u00e9t\u00e9.[\/vc_column_text][vc_single_image image=&#8221;799&#8243; img_size=&#8221;full&#8221; alignment=&#8221;center&#8221;][vc_column_text]Deux fois par an, des <strong>r\u00e9unions de coop\u00e9ration<\/strong> avec les repr\u00e9sentant\u00b7e\u00b7s du r\u00e9seau de partenaires ont lieu alternativement en Allemagne et en France. En dehors de leur but d\u2019information et de r\u00e9flexion sur la pratique p\u00e9dagogique, elles permettent de planifier des programmes et de nouer des liens avec de nouveaux partenaires. Pour la pr\u00e9paration des diff\u00e9rents s\u00e9minaires et la coordination pr\u00e9cise des profils de groupe et des objectifs, des entretiens approfondis sont men\u00e9s avec les responsables de groupe concern\u00e9s. Pour le perfectionnement de nos partenaires, nous offrons r\u00e9guli\u00e8rement des <strong>formations continues<\/strong> d\u00e9di\u00e9es \u00e0 la sensibilisation \u00e0 des questions p\u00e9dagogiques globales dans le contexte interculturel.[\/vc_column_text][\/vc_column][\/vc_row][vc_row margin_top=&#8221;10&#8243; margin_bottom=&#8221;10&#8243;][vc_column][vc_separator][\/vc_column][\/vc_row][vc_row margin_top=&#8221;10&#8243; margin_bottom=&#8221;10&#8243; css=&#8221;.vc_custom_1536836340283{margin-bottom: 10px !important;}&#8221; el_class=&#8221;hidden&#8221;][vc_column]<style type=\"text\/css\" data-type=\"the7_shortcodes-inline-css\">.blog-shortcode.blog-masonry-shortcode-id-3f918fc227ae8ad8244fdd981a59b3de.dividers-on.classic-layout-list article {\n  padding-top: 0;\n}\n.blog-shortcode.blog-masonry-shortcode-id-3f918fc227ae8ad8244fdd981a59b3de.dividers-on.classic-layout-list article:first-of-type {\n  margin-top: 0;\n  padding-top: 0;\n}\n.blog-shortcode.blog-masonry-shortcode-id-3f918fc227ae8ad8244fdd981a59b3de.classic-layout-list.mode-list .post-entry-content {\n  width: calc(100% - );\n}\n.blog-shortcode.blog-masonry-shortcode-id-3f918fc227ae8ad8244fdd981a59b3de.classic-layout-list.mode-list .no-img .post-entry-content {\n  width: 100%;\n}\n.blog-shortcode.blog-masonry-shortcode-id-3f918fc227ae8ad8244fdd981a59b3de .filter-bg-decoration .filter-categories a.act {\n  color: #fff;\n}\n.blog-shortcode.blog-masonry-shortcode-id-3f918fc227ae8ad8244fdd981a59b3de:not(.mode-masonry) article:first-of-type,\n.blog-shortcode.blog-masonry-shortcode-id-3f918fc227ae8ad8244fdd981a59b3de:not(.mode-masonry) article.visible.first:not(.product) {\n  margin-top: 0;\n}\n.blog-shortcode.blog-masonry-shortcode-id-3f918fc227ae8ad8244fdd981a59b3de.dividers-on:not(.mode-masonry) article {\n  margin-top: 0;\n}\n.blog-shortcode.blog-masonry-shortcode-id-3f918fc227ae8ad8244fdd981a59b3de.dividers-on:not(.mode-masonry) article:first-of-type,\n.blog-shortcode.blog-masonry-shortcode-id-3f918fc227ae8ad8244fdd981a59b3de.dividers-on:not(.mode-masonry) article.visible.first:not(.product) {\n  margin-top: 0;\n  padding-top: 0;\n}\n.blog-shortcode.blog-masonry-shortcode-id-3f918fc227ae8ad8244fdd981a59b3de .post-thumbnail-wrap {\n  padding: 0px 0px 0px 0px;\n}\n.blog-shortcode.blog-masonry-shortcode-id-3f918fc227ae8ad8244fdd981a59b3de.enable-bg-rollover .post-thumbnail-rollover:after {\n  background: -webkit-linear-gradient();\n  background: linear-gradient();\n}\n.blog-shortcode.blog-masonry-shortcode-id-3f918fc227ae8ad8244fdd981a59b3de .gallery-zoom-ico {\n  width: 44px;\n  height: 44px;\n  line-height: 44px;\n  border-radius: 100px;\n  margin: -22px 0 0 -22px;\n  border-width: 0px;\n  color: #ffffff;\n}\n.bottom-overlap-layout-list.blog-shortcode.blog-masonry-shortcode-id-3f918fc227ae8ad8244fdd981a59b3de .gallery-zoom-ico {\n  margin-top: -72px;\n}\n.gradient-overlay-layout-list.blog-shortcode.blog-masonry-shortcode-id-3f918fc227ae8ad8244fdd981a59b3de .gallery-zoom-ico,\n.content-rollover-layout-list.blog-shortcode.blog-masonry-shortcode-id-3f918fc227ae8ad8244fdd981a59b3de .gallery-zoom-ico {\n  margin: 0 0 10px;\n}\n.content-align-center.gradient-overlay-layout-list.blog-shortcode.blog-masonry-shortcode-id-3f918fc227ae8ad8244fdd981a59b3de .gallery-zoom-ico,\n.content-align-center.content-rollover-layout-list.blog-shortcode.blog-masonry-shortcode-id-3f918fc227ae8ad8244fdd981a59b3de .gallery-zoom-ico {\n  margin: 0 auto 10px;\n}\n.dt-icon-bg-on.blog-shortcode.blog-masonry-shortcode-id-3f918fc227ae8ad8244fdd981a59b3de .gallery-zoom-ico {\n  background: rgba(255,255,255,0.3);\n  box-shadow: none;\n}\n.blog-shortcode.blog-masonry-shortcode-id-3f918fc227ae8ad8244fdd981a59b3de .gallery-zoom-ico > span,\n.blog-shortcode.blog-masonry-shortcode-id-3f918fc227ae8ad8244fdd981a59b3de .gallery-zoom-ico:before {\n  font-size: 32px;\n  line-height: 44px;\n}\n.blog-shortcode.blog-masonry-shortcode-id-3f918fc227ae8ad8244fdd981a59b3de .gallery-zoom-ico > span,\n.blog-shortcode.blog-masonry-shortcode-id-3f918fc227ae8ad8244fdd981a59b3de .gallery-zoom-ico:before {\n  color: #ffffff;\n}\n.blog-shortcode.blog-masonry-shortcode-id-3f918fc227ae8ad8244fdd981a59b3de .entry-title,\n.blog-shortcode.blog-masonry-shortcode-id-3f918fc227ae8ad8244fdd981a59b3de.owl-carousel .entry-title {\n  margin-bottom: 5px;\n  font-weight: bold;\n}\n.blog-shortcode.blog-masonry-shortcode-id-3f918fc227ae8ad8244fdd981a59b3de .entry-meta {\n  margin-bottom: 15px;\n}\n.blog-shortcode.blog-masonry-shortcode-id-3f918fc227ae8ad8244fdd981a59b3de .portfolio-categories {\n  margin-bottom: 15px;\n}\n.blog-shortcode.blog-masonry-shortcode-id-3f918fc227ae8ad8244fdd981a59b3de .entry-excerpt {\n  margin-bottom: 5px;\n}\n.blog-shortcode.blog-masonry-shortcode-id-3f918fc227ae8ad8244fdd981a59b3de:not(.centered-layout-list) .post-entry-content {\n  padding: 25px 30px 30px 30px;\n}\n.blog-shortcode.blog-masonry-shortcode-id-3f918fc227ae8ad8244fdd981a59b3de:not(.centered-layout-list):not(.content-bg-on):not(.mode-list) .no-img .post-entry-content {\n  padding: 0;\n}\n@media screen and (max-width: ) {\n  .blog-shortcode.blog-masonry-shortcode-id-3f918fc227ae8ad8244fdd981a59b3de article {\n    -ms-flex-flow: column nowrap;\n    flex-flow: column nowrap;\n    margin-top: 20px;\n  }\n  .blog-shortcode.blog-masonry-shortcode-id-3f918fc227ae8ad8244fdd981a59b3de.dividers-on article {\n    border: none;\n  }\n  .blog-shortcode.blog-masonry-shortcode-id-3f918fc227ae8ad8244fdd981a59b3de.content-bg-on.centered-layout-list article {\n    padding: 0;\n  }\n  .blog-shortcode.blog-masonry-shortcode-id-3f918fc227ae8ad8244fdd981a59b3de.blog-shortcode.dividers-on article,\n  .blog-shortcode.blog-masonry-shortcode-id-3f918fc227ae8ad8244fdd981a59b3de.dividers-on.classic-layout-list article {\n    margin-top: 20px;\n    padding: 0;\n  }\n  .blog-shortcode.blog-masonry-shortcode-id-3f918fc227ae8ad8244fdd981a59b3de.blog-shortcode.dividers-on article:first-of-type,\n  .blog-shortcode.blog-masonry-shortcode-id-3f918fc227ae8ad8244fdd981a59b3de.dividers-on.classic-layout-list article:first-of-type {\n    padding: 0;\n  }\n  #page .blog-shortcode.blog-masonry-shortcode-id-3f918fc227ae8ad8244fdd981a59b3de .post-thumbnail-wrap,\n  #page .blog-shortcode.blog-masonry-shortcode-id-3f918fc227ae8ad8244fdd981a59b3de .post-entry-content {\n    width: 100%;\n    margin: 0;\n    top: 0;\n  }\n  #page .blog-shortcode.blog-masonry-shortcode-id-3f918fc227ae8ad8244fdd981a59b3de .post-thumbnail-wrap {\n    padding: 0;\n  }\n  #page .blog-shortcode.blog-masonry-shortcode-id-3f918fc227ae8ad8244fdd981a59b3de .post-entry-content:after {\n    display: none;\n  }\n  #page .blog-shortcode.blog-masonry-shortcode-id-3f918fc227ae8ad8244fdd981a59b3de .project-even .post-thumbnail-wrap,\n  #page .blog-shortcode.blog-masonry-shortcode-id-3f918fc227ae8ad8244fdd981a59b3de.centered-layout-list .post-thumbnail-wrap {\n    -ms-flex-order: 0;\n    order: 0;\n  }\n  #page .blog-shortcode.blog-masonry-shortcode-id-3f918fc227ae8ad8244fdd981a59b3de.centered-layout-list .post-entry-title-content {\n    -ms-flex-order: 1;\n    order: 1;\n    width: 100%;\n    padding: 20px 20px 0;\n  }\n  #page .blog-shortcode.blog-masonry-shortcode-id-3f918fc227ae8ad8244fdd981a59b3de.centered-layout-list .post-entry-content {\n    -ms-flex-order: 2;\n    order: 2;\n    padding-top: 0;\n  }\n  #page .blog-shortcode.blog-masonry-shortcode-id-3f918fc227ae8ad8244fdd981a59b3de .fancy-categories {\n    top: 10px;\n    left: 10px;\n    bottom: auto;\n    right: auto;\n  }\n  #page .blog-shortcode.blog-masonry-shortcode-id-3f918fc227ae8ad8244fdd981a59b3de .fancy-date a {\n    top: 10px;\n    right: 10px;\n    left: auto;\n    bottom: auto;\n  }\n  #page .blog-shortcode.blog-masonry-shortcode-id-3f918fc227ae8ad8244fdd981a59b3de .post-entry-content {\n    padding: 20px;\n  }\n  #page .blog-shortcode.blog-masonry-shortcode-id-3f918fc227ae8ad8244fdd981a59b3de .entry-title {\n    margin: 3px 0 5px;\n    font-size: 20px;\n    line-height: 26px;\n  }\n  #page .blog-shortcode.blog-masonry-shortcode-id-3f918fc227ae8ad8244fdd981a59b3de .entry-meta {\n    margin: 5px 0 5px;\n  }\n  #page .blog-shortcode.blog-masonry-shortcode-id-3f918fc227ae8ad8244fdd981a59b3de .entry-excerpt {\n    margin: 15px 0 0;\n  }\n  #page .blog-shortcode.blog-masonry-shortcode-id-3f918fc227ae8ad8244fdd981a59b3de .post-details {\n    margin: 5px 0 10px;\n  }\n  #page .blog-shortcode.blog-masonry-shortcode-id-3f918fc227ae8ad8244fdd981a59b3de .post-details.details-type-link {\n    margin-bottom: 2px;\n  }\n}\n<\/style><div class=\"blog-shortcode blog-masonry-shortcode-id-3f918fc227ae8ad8244fdd981a59b3de mode-masonry classic-layout-list content-bg-on jquery-filter circle-fancy-style scale-img dt-icon-bg-off resize-by-browser-width loading-effect-none description-under-image \" data-padding=\"15px\" data-cur-page=\"1\" data-post-limit=\"-1\" data-pagination-mode=\"none\" data-desktop-columns-num=\"2\" data-v-tablet-columns-num=\"2\" data-h-tablet-columns-num=\"2\" data-phone-columns-num=\"1\" data-width=\"0px\" data-columns=\"0\"><div class=\"iso-container\" ><div class=\"visible wf-cell iso-item\" data-post-id=\"1513\" data-date=\"2020-12-18T09:45:33+01:00\" data-name=\"Projet d\u2019\u00e9change hybride \u2013 une bonne recette !\"><article class=\"post project-odd visible post-1513 type-post status-publish format-standard has-post-thumbnail hentry category-rencontres-interculturelles-de-jeunes category-39\" data-name=\"Projet d\u2019\u00e9change hybride \u2013 une bonne recette !\" data-date=\"2020-12-18T09:45:33+01:00\">\n\n<div class=\"post-thumbnail-wrap\">\n\t<div class=\"post-thumbnail\">\n\t\t\n\t\t\n\t\t<a href=\"https:\/\/www.ikab.de\/fr\/projet-dechange-hybride-une-bonne-recette\/\" class=\"post-thumbnail-rollover layzr-bg layzr-bg\" ><img class=\"iso-lazy-load preload-me iso-lazy-load\" src=\"data:image\/svg+xml,%3Csvg%20xmlns%3D&#39;http%3A%2F%2Fwww.w3.org%2F2000%2Fsvg&#39;%20viewBox%3D&#39;0%200%20768%20512&#39;%2F%3E\" data-src=\"https:\/\/www.ikab.de\/wp-content\/uploads\/Photo_Article_FR-768x512.png\" data-srcset=\"https:\/\/www.ikab.de\/wp-content\/uploads\/Photo_Article_FR-768x512.png 768w, https:\/\/www.ikab.de\/wp-content\/uploads\/Photo_Article_FR-850x567.png 850w\" alt=\"\" title=\"Photo_Article_FR\" width=\"768\" height=\"512\"  \/><\/a>\t<\/div>\n<\/div>\n\n\n<div class=\"post-entry-content\">\n\n\t<h3 class=\"entry-title\">\n\t\t<a href=\"https:\/\/www.ikab.de\/fr\/projet-dechange-hybride-une-bonne-recette\/\" title=\"Projet d\u2019\u00e9change hybride \u2013 une bonne recette !\" rel=\"bookmark\">Projet d\u2019\u00e9change hybride \u2013 une bonne recette !<\/a>\n\t<\/h3>\n\n\t<div class=\"entry-meta\"><span class=\"category-link\"><a href=\"https:\/\/www.ikab.de\/fr\/category\/rencontres-interculturelles-de-jeunes\/\" >Rencontres interculturelles de jeunes<\/a><\/span><a href=\"https:\/\/www.ikab.de\/fr\/2020\/12\/18\/\" title=\"9:45\" class=\"data-link\" rel=\"bookmark\"><time class=\"entry-date updated\" datetime=\"2020-12-18T09:45:33+01:00\">18. d\u00e9cembre 2020<\/time><\/a><\/div>\n\t<div class=\"entry-excerpt\"><p>Projet d\u2019\u00e9change hybride \u2013 une bonne recette\u00a0! Du 30 novembre au 4 d\u00e9cembre 2020, 27 jeunes vivant en France et en Allemagne ont particip\u00e9 \u00e0\u2026<\/p>\n<\/div>\n\t\n<a href=\"https:\/\/www.ikab.de\/fr\/projet-dechange-hybride-une-bonne-recette\/\" class=\"dt-btn-s dt-btn post-details details-type-btn\" aria-label=\"En savoir plus sur Projet d\u2019\u00e9change hybride \u2013 une bonne recette !\">Weiter lesen<i class=\"dt-icon-the7-arrow-03\" aria-hidden=\"true\"><\/i><\/a>\n\n<\/div><\/article><\/div><div class=\"visible wf-cell iso-item\" data-post-id=\"1500\" data-date=\"2020-12-15T14:09:31+01:00\" data-name=\"Joyeuses f\u00eates de No\u00ebl !\"><article class=\"post project-odd visible post-1500 type-post status-publish format-standard has-post-thumbnail hentry category-a-propos-de-nous category-42\" data-name=\"Joyeuses f\u00eates de No\u00ebl !\" data-date=\"2020-12-15T14:09:31+01:00\">\n\n<div class=\"post-thumbnail-wrap\">\n\t<div class=\"post-thumbnail\">\n\t\t\n\t\t\n\t\t<a href=\"https:\/\/www.ikab.de\/fr\/joyeuses-fetes-de-noel\/\" class=\"post-thumbnail-rollover layzr-bg layzr-bg\" ><img class=\"iso-lazy-load preload-me iso-lazy-load\" src=\"data:image\/svg+xml,%3Csvg%20xmlns%3D&#39;http%3A%2F%2Fwww.w3.org%2F2000%2Fsvg&#39;%20viewBox%3D&#39;0%200%20768%20512&#39;%2F%3E\" data-src=\"https:\/\/www.ikab.de\/wp-content\/uploads\/christmas-2926962_1920-768x512.jpg\" data-srcset=\"https:\/\/www.ikab.de\/wp-content\/uploads\/christmas-2926962_1920-768x512.jpg 768w, https:\/\/www.ikab.de\/wp-content\/uploads\/christmas-2926962_1920-1152x768.jpg 1152w\" alt=\"\" title=\"christmas-2926962_1920\" width=\"768\" height=\"512\"  \/><\/a>\t<\/div>\n<\/div>\n\n\n<div class=\"post-entry-content\">\n\n\t<h3 class=\"entry-title\">\n\t\t<a href=\"https:\/\/www.ikab.de\/fr\/joyeuses-fetes-de-noel\/\" title=\"Joyeuses f\u00eates de No\u00ebl !\" rel=\"bookmark\">Joyeuses f\u00eates de No\u00ebl !<\/a>\n\t<\/h3>\n\n\t<div class=\"entry-meta\"><span class=\"category-link\"><a href=\"https:\/\/www.ikab.de\/fr\/category\/a-propos-de-nous\/\" >\u00c0 propos de nous<\/a><\/span><a href=\"https:\/\/www.ikab.de\/fr\/2020\/12\/15\/\" title=\"14:09\" class=\"data-link\" rel=\"bookmark\"><time class=\"entry-date updated\" datetime=\"2020-12-15T14:09:31+01:00\">15. d\u00e9cembre 2020<\/time><\/a><\/div>\n\t<div class=\"entry-excerpt\"><p>Joyeuses f\u00eates de No\u00ebl ! Nous souhaitons de joyeuses f\u00eates et une bonne ann\u00e9e \u00e0 tou.te.s! Notre bureau sera ferm\u00e9 du 21 au 31 d\u00e9cembre\u2026<\/p>\n<\/div>\n\t\n<a href=\"https:\/\/www.ikab.de\/fr\/joyeuses-fetes-de-noel\/\" class=\"dt-btn-s dt-btn post-details details-type-btn\" aria-label=\"En savoir plus sur Joyeuses f\u00eates de No\u00ebl !\">Weiter lesen<i class=\"dt-icon-the7-arrow-03\" aria-hidden=\"true\"><\/i><\/a>\n\n<\/div><\/article><\/div><\/div><!-- iso-container|iso-grid --><\/div>[\/vc_column][\/vc_row]<\/p>\n<\/section>","protected":false},"excerpt":{"rendered":"<p>[vc_row][vc_column][vc_column_text] Rencontres interculturelles de jeunes C\u2019est en \u00e9troite coop\u00e9ration avec nos partenaires institutionnels, la Fondation INFA en France et le Club Culturel Ali Belhouane en Tunisie, que nous mettons en \u0153uvre, en tant que Centrale de l\u2019Office franco-allemand pour la Jeunesse des projets d\u2019\u00e9change de jeunes bi- et trinationaux. Les participants nous parviennent via notre&hellip;<\/p>\n","protected":false},"author":1,"featured_media":0,"parent":773,"menu_order":0,"comment_status":"closed","ping_status":"closed","template":"","meta":[],"_links":{"self":[{"href":"https:\/\/www.ikab.de\/fr\/wp-json\/wp\/v2\/pages\/794"}],"collection":[{"href":"https:\/\/www.ikab.de\/fr\/wp-json\/wp\/v2\/pages"}],"about":[{"href":"https:\/\/www.ikab.de\/fr\/wp-json\/wp\/v2\/types\/page"}],"author":[{"embeddable":true,"href":"https:\/\/www.ikab.de\/fr\/wp-json\/wp\/v2\/users\/1"}],"replies":[{"embeddable":true,"href":"https:\/\/www.ikab.de\/fr\/wp-json\/wp\/v2\/comments?post=794"}],"version-history":[{"count":4,"href":"https:\/\/www.ikab.de\/fr\/wp-json\/wp\/v2\/pages\/794\/revisions"}],"predecessor-version":[{"id":959,"href":"https:\/\/www.ikab.de\/fr\/wp-json\/wp\/v2\/pages\/794\/revisions\/959"}],"up":[{"embeddable":true,"href":"https:\/\/www.ikab.de\/fr\/wp-json\/wp\/v2\/pages\/773"}],"wp:attachment":[{"href":"https:\/\/www.ikab.de\/fr\/wp-json\/wp\/v2\/media?parent=794"}],"curies":[{"name":"wp","href":"https:\/\/api.w.org\/{rel}","templated":true}]}}