{"id":817,"date":"2017-05-30T17:51:08","date_gmt":"2017-05-30T15:51:08","guid":{"rendered":"https:\/\/www.ikab.de\/a-propos-de-nous\/interkulturelle-politische-bildung\/"},"modified":"2021-12-08T11:54:12","modified_gmt":"2021-12-08T10:54:12","slug":"education-a-la-citoyennete-interculturelle","status":"publish","type":"page","link":"https:\/\/www.ikab.de\/fr\/a-propos-de-nous\/education-a-la-citoyennete-interculturelle\/","title":{"rendered":"Education \u00e0 la citoyennet\u00e9 interculturelle"},"content":{"rendered":"<section class=\"wpb-content-wrapper\"><p>[vc_row 0=&#8221;&#8221;][vc_column 0=&#8221;&#8221;][vc_column_text 0=&#8221;&#8221;]<\/p>\n<h1>Education \u00e0 la citoyennet\u00e9 interculturelle<\/h1>\n<p>Nous comprenons l\u2019\u00e9ducation \u00e0 la citoyennet\u00e9 comme une contribution \u00e0 la d\u00e9mocratisation permanente d\u2019une soci\u00e9t\u00e9 civile europ\u00e9enne. Les d\u00e9fis li\u00e9s \u00e0 la pluralisation en cours des modes de vie et des concepts de mode de vie, auxquels sont confront\u00e9es les soci\u00e9t\u00e9s actuelles, ne peuvent \u00eatre relev\u00e9s et surmont\u00e9s de mani\u00e8re constructive que dans une perspective interculturelle. C\u2019est pourquoi nous sommes d\u2019avis que l\u2019\u00e9ducation \u00e0 la citoyennet\u00e9 doit \u00eatre dans la pratique une \u00e9ducation \u00e0 la citoyennet\u00e9 interculturelle.<\/p>\n<p>Avec nos offres, nous voulons enseigner \u00e0 des jeunes les valeurs d\u00e9mocratiques et proposer un champ d\u2019apprentissage o\u00f9 il est possible de s\u2019initier \u00e0 des comportements d\u00e9mocratiques, o\u00f9 une nouvelle motivation d\u2019apprentissage est susceptible de na\u00eetre, et o\u00f9 la confiance en soi, la prise d\u2019initiative, la solidarit\u00e9 et le sens de la responsabilit\u00e9 sont encourag\u00e9s.[\/vc_column_text][\/vc_column][\/vc_row][vc_row margin_top=&#8221;10&#8243; margin_bottom=&#8221;10&#8243; css=&#8221;.vc_custom_1496161847299{margin-bottom: 10px !important;}&#8221;][vc_column 0=&#8221;&#8221;]<div class=\"aio-icon-component    style_1\"><div id=\"Info-box-wrap-8438\" class=\"aio-icon-box top-icon\" style=\"\"  ><div class=\"aio-icon-top\"><div class=\"ult-just-icon-wrapper  \"><div class=\"align-icon\" style=\"text-align:center;\">\n<div class=\"aio-icon none \"  style=\"color:#dd3333;font-size:32px;display:inline-block;\">\n\t<i class=\"Defaults-file-pdf-o\"><\/i>\n<\/div><\/div><\/div><\/div><div class=\"aio-icon-header\" ><a class=\"aio-icon-box-link\" href=\"http:\/\/www.ikab.de\/wp-content\/uploads\/180621-Leitbild-EN-final.pdf\" ><h3 class=\"aio-icon-title ult-responsive\"  data-ultimate-target='#Info-box-wrap-8438 .aio-icon-title'  data-responsive-json-new='{\"font-size\":\"\",\"line-height\":\"\"}'  style=\"\">La charte en PDF<\/h3><\/a><\/div> <!-- header --><\/div> <!-- aio-icon-box --><\/div> <!-- aio-icon-component -->[\/vc_column][\/vc_row][vc_row margin_top=&#8221;10&#8243; margin_bottom=&#8221;10&#8243;][vc_column 0=&#8221;&#8221;][vc_separator 0=&#8221;&#8221;][\/vc_column][\/vc_row][vc_row content_placement=&#8221;middle&#8221;][vc_column 0=&#8221;&#8221;][vc_column_text 0=&#8221;&#8221;]<\/p>\n<h2>Une formation continue de qualit\u00e9<\/h2>\n<p>Gr\u00e2ce \u00e0 notre management qualit\u00e9, nous assurons que notre travail, de la planification jusqu\u2019\u00e0 la mise en \u0153uvre des s\u00e9minaires, \u00e9v\u00e9nements ou projets, demeure ax\u00e9 sur des normes de qualit\u00e9 uniformes. L\u2019objectif r\u00e9side dans une am\u00e9lioration syst\u00e9matique et constante de l\u2019offre et de l\u2019organisation.[\/vc_column_text][vc_column_text 0=&#8221;&#8221;]<img decoding=\"async\" loading=\"lazy\" class=\"alignnone size-medium wp-image-1733\" src=\"https:\/\/www.ikab.de\/wp-content\/uploads\/\/Certqua_Siegel_9001_gross2_4c-300x152.png\" alt=\"\" width=\"300\" height=\"152\" srcset=\"https:\/\/www.ikab.de\/wp-content\/uploads\/Certqua_Siegel_9001_gross2_4c-300x152.png 300w, https:\/\/www.ikab.de\/wp-content\/uploads\/Certqua_Siegel_9001_gross2_4c.png 391w\" sizes=\"(max-width: 300px) 100vw, 300px\" \/>[\/vc_column_text][\/vc_column][\/vc_row]<\/p>\n<\/section>","protected":false},"excerpt":{"rendered":"<p>[vc_row 0=&#8221;&#8221;][vc_column 0=&#8221;&#8221;][vc_column_text 0=&#8221;&#8221;] Education \u00e0 la citoyennet\u00e9 interculturelle Nous comprenons l\u2019\u00e9ducation \u00e0 la citoyennet\u00e9 comme une contribution \u00e0 la d\u00e9mocratisation permanente d\u2019une soci\u00e9t\u00e9 civile europ\u00e9enne. Les d\u00e9fis li\u00e9s \u00e0 la pluralisation en cours des modes de vie et des concepts de mode de vie, auxquels sont confront\u00e9es les soci\u00e9t\u00e9s actuelles, ne peuvent \u00eatre relev\u00e9s&hellip;<\/p>\n","protected":false},"author":1,"featured_media":0,"parent":813,"menu_order":0,"comment_status":"closed","ping_status":"closed","template":"","meta":[],"_links":{"self":[{"href":"https:\/\/www.ikab.de\/fr\/wp-json\/wp\/v2\/pages\/817"}],"collection":[{"href":"https:\/\/www.ikab.de\/fr\/wp-json\/wp\/v2\/pages"}],"about":[{"href":"https:\/\/www.ikab.de\/fr\/wp-json\/wp\/v2\/types\/page"}],"author":[{"embeddable":true,"href":"https:\/\/www.ikab.de\/fr\/wp-json\/wp\/v2\/users\/1"}],"replies":[{"embeddable":true,"href":"https:\/\/www.ikab.de\/fr\/wp-json\/wp\/v2\/comments?post=817"}],"version-history":[{"count":6,"href":"https:\/\/www.ikab.de\/fr\/wp-json\/wp\/v2\/pages\/817\/revisions"}],"predecessor-version":[{"id":1605,"href":"https:\/\/www.ikab.de\/fr\/wp-json\/wp\/v2\/pages\/817\/revisions\/1605"}],"up":[{"embeddable":true,"href":"https:\/\/www.ikab.de\/fr\/wp-json\/wp\/v2\/pages\/813"}],"wp:attachment":[{"href":"https:\/\/www.ikab.de\/fr\/wp-json\/wp\/v2\/media?parent=817"}],"curies":[{"name":"wp","href":"https:\/\/api.w.org\/{rel}","templated":true}]}}