{"id":838,"date":"2017-10-25T12:12:54","date_gmt":"2017-10-25T10:12:54","guid":{"rendered":"https:\/\/www.ikab.de\/a-propos-de-nous\/verein\/"},"modified":"2025-11-17T12:27:44","modified_gmt":"2025-11-17T11:27:44","slug":"association","status":"publish","type":"page","link":"https:\/\/www.ikab.de\/fr\/a-propos-de-nous\/association\/","title":{"rendered":"Association"},"content":{"rendered":"<section class=\"wpb-content-wrapper\"><p>[vc_row][vc_column][vc_column_text]<\/p>\n<h1>Association<\/h1>\n<p>Notre travail est consacr\u00e9 \u00e0 l\u2019\u00e9dification d\u2019une soci\u00e9t\u00e9 civile europ\u00e9enne d\u00e9mocratique, o\u00f9 la coexistence entre citoyen\u00b7ne\u00b7s serait r\u00e9gie par l\u2019exigence d\u2019une conception de justice sociale bas\u00e9e sur les droits de l\u2019Humain. <strong>L\u2019\u00e9ducation \u00e0 la citoyennet\u00e9 interculturelle<\/strong> y contribue fortement.<\/p>\n<p>IKAB-Bildungswerk e.V. est responsable pour l\u2019organisation et la mise en \u0153uvre de nos programmes \u00e9ducatifs. Nous sommes un organisme de l\u2019\u00e9ducation \u00e0 la citoyennet\u00e9 interculturelle reconnu et subventionn\u00e9 en vertu de la loi sur la formation continue de la Rh\u00e9nanie-du-Nord-Westphalie. Nos offres s\u2019adressent donc avant tout aux personnes int\u00e9ress\u00e9es, vivant ou travaillant en Rh\u00e9nanie-du-Nord-Westphalie. Nous sommes membre de <a href=\"https:\/\/www.adb.de\/\" target=\"_blank\" rel=\"noopener\">l&#8217;Arbeitskreis deutscher Bildungsst\u00e4tten<\/a> qui est l\u2019organisation nationale allemande rassemblant les organismes d&#8217;\u00e9ducation \u00e0 la citoyennet\u00e9 extrascolaire pour jeunes et adultes en Allemagne.<\/p>\n<p>Depuis notre cr\u00e9ation, l\u2019interconnexion syst\u00e9matique entre th\u00e9orie et pratique constitue le pilier central de notre travail. IKAB e.V., notre association fa\u00eeti\u00e8re, se distingue depuis 1978 par des recherches qualitatives dans le contexte interculturel et contribue, au moyen d\u2019\u00e9tudes men\u00e9es de sa propre initiative ou pour le compte de tiers, \u00e0 l\u2019analyse et \u00e0 la visibilit\u00e9 de l\u2019impact du travail d\u2019\u00e9ducation \u00e0 la citoyennet\u00e9 interculturelle.<br \/>\nConseil d\u2018administration[\/vc_column_text][vc_separator][vc_column_text]<\/p>\n<h2>Conseil d\u2018administration<\/h2>\n<p>[\/vc_column_text][\/vc_column][\/vc_row][vc_row][vc_column width=&#8221;1\/4&#8243;]\n<div id=\"interactive-banner-1-wrap-9846\" class=\"ult-banner-block ult-adjust-bottom-margin ult-bb-none  banner-style31 \"   style=\"\">\n\t<h3  data-ultimate-target='#interactive-banner-1-wrap-9846 .bb-top-title '  data-responsive-json-new='{\"font-size\":\"\",\"line-height\":\"\"}'  class=\"title-center bb-top-title ult-responsive\" style=\"font-weight:normal;background:#522398;color:#ffffff;\">Marcelo Trautmann<\/h3>\n\t<div class=\"mask opaque-background\" style=\"background:#f7f7f7;\">\n\t\t<div  data-ultimate-target='#interactive-banner-1-wrap-9846 .bb-description'  data-responsive-json-new='{\"font-size\":\"\",\"line-height\":\"\"}'  class=\"bb-description ult-responsive\" style=\"font-weight:normal;color:#595959;\">Marcelo Trautmann <\/div>\n\t<\/div>\n<\/div>[\/vc_column][vc_column width=&#8221;1\/4&#8243;]\n<div id=\"interactive-banner-1-wrap-8926\" class=\"ult-banner-block ult-adjust-bottom-margin ult-bb-none  banner-style31 \"   style=\"\">\n\t<h3  data-ultimate-target='#interactive-banner-1-wrap-8926 .bb-top-title '  data-responsive-json-new='{\"font-size\":\"\",\"line-height\":\"\"}'  class=\"title-center bb-top-title ult-responsive\" style=\"font-weight:normal;background:#522398;color:#ffffff;\">Petra Rosay <\/h3>\n\t<div class=\"mask opaque-background\" style=\"background:#f7f7f7;\">\n\t\t<div  data-ultimate-target='#interactive-banner-1-wrap-8926 .bb-description'  data-responsive-json-new='{\"font-size\":\"\",\"line-height\":\"\"}'  class=\"bb-description ult-responsive\" style=\"font-weight:normal;color:#595959;\">Petra Rosay <\/div>\n\t<\/div>\n<\/div>[\/vc_column][vc_column width=&#8221;1\/4&#8243;]\n<div id=\"interactive-banner-1-wrap-4216\" class=\"ult-banner-block ult-adjust-bottom-margin ult-bb-none  banner-style31 \"   style=\"\">\n\t<img src=\"https:\/\/www.ikab.de\/wp-content\/uploads\/a-muetter.jpg\" alt=\"null\">\n\t<h3  data-ultimate-target='#interactive-banner-1-wrap-4216 .bb-top-title '  data-responsive-json-new='{\"font-size\":\"\",\"line-height\":\"\"}'  class=\"title-center bb-top-title ult-responsive\" style=\"font-weight:normal;background:#522398;color:#ffffff;\">Annette M\u00fctter<\/h3>\n\t<div class=\"mask opaque-background\" style=\"background:#f7f7f7;\">\n\t\t<div  data-ultimate-target='#interactive-banner-1-wrap-4216 .bb-description'  data-responsive-json-new='{\"font-size\":\"\",\"line-height\":\"\"}'  class=\"bb-description ult-responsive\" style=\"font-weight:normal;color:#595959;\">Annette M\u00fctter<\/div>\n\t<\/div>\n<\/div>[\/vc_column][vc_column width=&#8221;1\/4&#8243;][\/vc_column][\/vc_row][vc_row margin_top=&#8221;35px&#8221;][vc_column][vc_separator][\/vc_column][\/vc_row][vc_row margin_top=&#8221;20px&#8221;][vc_column][vc_column_text]<\/p>\n<h2>Membres<\/h2>\n<p>[\/vc_column_text][vc_row_inner][vc_column_inner width=&#8221;1\/2&#8243;][vc_column_text]Dr. Hendrik Otten<\/p>\n<p>Yael Ohana<\/p>\n<p>Dieter Emig<\/p>\n<p>Dr. Gavan Titley<\/p>\n<p>Sabine Hahn[\/vc_column_text][\/vc_column_inner][vc_column_inner width=&#8221;1\/2&#8243;][vc_column_text]Sibylle Meyer<\/p>\n<p>Dr. Nico Meisch<\/p>\n<p>Dr. Anke Bahl<\/p>\n<p>Paul Kloosterman<\/p>\n<p>Aur\u00e9lien Durbec<\/p>\n<p>Nadine Lyamouri-Bajja[\/vc_column_text][\/vc_column_inner][\/vc_row_inner][\/vc_column][\/vc_row]<\/p>\n<\/section>","protected":false},"excerpt":{"rendered":"<p>[vc_row][vc_column][vc_column_text] Association Notre travail est consacr\u00e9 \u00e0 l\u2019\u00e9dification d\u2019une soci\u00e9t\u00e9 civile europ\u00e9enne d\u00e9mocratique, o\u00f9 la coexistence entre citoyen\u00b7ne\u00b7s serait r\u00e9gie par l\u2019exigence d\u2019une conception de justice sociale bas\u00e9e sur les droits de l\u2019Humain. L\u2019\u00e9ducation \u00e0 la citoyennet\u00e9 interculturelle y contribue fortement. IKAB-Bildungswerk e.V. est responsable pour l\u2019organisation et la mise en \u0153uvre de nos programmes&hellip;<\/p>\n","protected":false},"author":1,"featured_media":0,"parent":813,"menu_order":0,"comment_status":"closed","ping_status":"closed","template":"","meta":[],"_links":{"self":[{"href":"https:\/\/www.ikab.de\/fr\/wp-json\/wp\/v2\/pages\/838"}],"collection":[{"href":"https:\/\/www.ikab.de\/fr\/wp-json\/wp\/v2\/pages"}],"about":[{"href":"https:\/\/www.ikab.de\/fr\/wp-json\/wp\/v2\/types\/page"}],"author":[{"embeddable":true,"href":"https:\/\/www.ikab.de\/fr\/wp-json\/wp\/v2\/users\/1"}],"replies":[{"embeddable":true,"href":"https:\/\/www.ikab.de\/fr\/wp-json\/wp\/v2\/comments?post=838"}],"version-history":[{"count":11,"href":"https:\/\/www.ikab.de\/fr\/wp-json\/wp\/v2\/pages\/838\/revisions"}],"predecessor-version":[{"id":2740,"href":"https:\/\/www.ikab.de\/fr\/wp-json\/wp\/v2\/pages\/838\/revisions\/2740"}],"up":[{"embeddable":true,"href":"https:\/\/www.ikab.de\/fr\/wp-json\/wp\/v2\/pages\/813"}],"wp:attachment":[{"href":"https:\/\/www.ikab.de\/fr\/wp-json\/wp\/v2\/media?parent=838"}],"curies":[{"name":"wp","href":"https:\/\/api.w.org\/{rel}","templated":true}]}}