{"id":844,"date":"2017-06-22T10:53:51","date_gmt":"2017-06-22T08:53:51","guid":{"rendered":"https:\/\/www.ikab.de\/a-propos-de-nous\/partner\/"},"modified":"2023-01-20T14:52:09","modified_gmt":"2023-01-20T13:52:09","slug":"partenaires","status":"publish","type":"page","link":"https:\/\/www.ikab.de\/fr\/a-propos-de-nous\/partenaires\/","title":{"rendered":"Partenaires"},"content":{"rendered":"<section class=\"wpb-content-wrapper\"><p>[vc_row][vc_column][vc_column_text]<\/p>\n<h1>Partenaires de coop\u00e9ration<\/h1>\n<p>Sur le plan institutionnel, nous travaillons avec les organisations suivantes:[\/vc_column_text][\/vc_column][\/vc_row][vc_row gap=&#8221;10&#8243;][vc_column width=&#8221;1\/2&#8243; css=&#8221;.vc_custom_1508924898541{padding-right: 20% !important;}&#8221;]\n<div id=\"interactive-banner-1-wrap-9570\" class=\"ult-banner-block ult-adjust-bottom-margin ult-bb-box  banner-style31 \"   style=\"\">\n\t<img src=\"https:\/\/www.ikab.de\/wp-content\/uploads\/INFA-Logo-1.png\" alt=\"null\">\n\t<h3  data-ultimate-target='#interactive-banner-1-wrap-9570 .bb-top-title '  data-responsive-json-new='{\"font-size\":\"\",\"line-height\":\"\"}'  class=\"title-center bb-top-title ult-responsive\" style=\"font-weight:normal;background:#e30613;color:#ffffff;\">Gradignan, France<\/h3>\n\t<div class=\"mask opaque-background\" style=\"background:#e30613;\">\n\t\t<div  data-ultimate-target='#interactive-banner-1-wrap-9570 .bb-description'  data-responsive-json-new='{\"font-size\":\"\",\"line-height\":\"\"}'  class=\"bb-description ult-responsive\" style=\"font-weight:normal;color:#ffffff;\">\u201eDepuis notre fondation en 1978, cet organisme fran\u00e7ais de formation professionnelle est notre partenaire institutionnel pour les \u00e9changes franco-allemands. Le service Europe de notre partenaire se situe \u00e0 Gradignan, Bordeaux et coordonne les phases de nos projets communs bi- et trinationaux se d\u00e9roulant en France.\u201c<\/p>\n<p>www.infa-fondation.com<\/div>\n\t<\/div><a class=\"bb-link\" href=\"https:\/\/www.infa-fondation.com\/\" target=\"_blank\" rel=\"noopener\" ><\/a>\n<\/div>[\/vc_column][vc_column width=&#8221;1\/2&#8243; css=&#8221;.vc_custom_1508924968562{padding-right: 20% !important;}&#8221;]\n<div id=\"interactive-banner-1-wrap-3197\" class=\"ult-banner-block ult-adjust-bottom-margin ult-bb-box  banner-style31 \"   style=\"\">\n\t<img src=\"https:\/\/www.ikab.de\/wp-content\/uploads\/ccab.png\" alt=\"null\">\n\t<h3  data-ultimate-target='#interactive-banner-1-wrap-3197 .bb-top-title '  data-responsive-json-new='{\"font-size\":\"\",\"line-height\":\"\"}'  class=\"title-center bb-top-title ult-responsive\" style=\"font-weight:normal;background:#293a7d;color:#ffffff;\">Tunis, Tunisie<\/h3>\n\t<div class=\"mask opaque-background\" style=\"background:#293a7d;\">\n\t\t<div  data-ultimate-target='#interactive-banner-1-wrap-3197 .bb-description'  data-responsive-json-new='{\"font-size\":\"\",\"line-height\":\"\"}'  class=\"bb-description ult-responsive\" style=\"font-weight:normal;color:#ffffff;\">\u201eNous travaillons avec le Club Culturel Ali Belhouane depuis 2006 dans le cadre de projets trilat\u00e9raux d\u2018\u00e9changes de jeunes.\u201c<\/p>\n<p>www.ccab.tn<\/div>\n\t<\/div><a class=\"bb-link\" href=\"http:\/\/www.ccab.tn\/\" target=\"_blank\" rel=\"noopener\" ><\/a>\n<\/div>[\/vc_column][\/vc_row][vc_row][vc_column width=&#8221;1\/2&#8243; css=&#8221;.vc_custom_1508924977216{padding-right: 20% !important;}&#8221;]\n<div id=\"interactive-banner-1-wrap-7567\" class=\"ult-banner-block ult-adjust-bottom-margin ult-bb-box  banner-style31 \"   style=\"\">\n\t<img src=\"https:\/\/www.ikab.de\/wp-content\/uploads\/ijgd.png\" alt=\"null\">\n\t<h3  data-ultimate-target='#interactive-banner-1-wrap-7567 .bb-top-title '  data-responsive-json-new='{\"font-size\":\"\",\"line-height\":\"\"}'  class=\"title-center bb-top-title ult-responsive\" style=\"font-weight:normal;background:#6ab023;color:#ffffff;\">Bonn, Allemagne<\/h3>\n\t<div class=\"mask opaque-background\" style=\"background:#6ab023;\">\n\t\t<div  data-ultimate-target='#interactive-banner-1-wrap-7567 .bb-description'  data-responsive-json-new='{\"font-size\":\"\",\"line-height\":\"\"}'  class=\"bb-description ult-responsive\" style=\"font-weight:normal;color:#ffffff;\">\u201eNous coop\u00e9rons depuis 2002 avec la ijgd de Bonn dans le cadre de s\u00e9minaires \u00e0 destination de volontaires effectuant un service civique allemand.\u201c<\/p>\n<p>www.freiwilligesjahr-nrw.ijgd.de<\/div>\n\t<\/div><a class=\"bb-link\" href=\"https:\/\/freiwilligesjahr-nrw.ijgd.de\/\" target=\"_blank\" rel=\"noopener\" ><\/a>\n<\/div>[\/vc_column][vc_column width=&#8221;1\/2&#8243; css=&#8221;.vc_custom_1508924986051{padding-right: 20% !important;}&#8221;]\n<div id=\"interactive-banner-1-wrap-6291\" class=\"ult-banner-block ult-adjust-bottom-margin ult-bb-box  banner-style31 \"   style=\"\">\n\t<img src=\"https:\/\/www.ikab.de\/wp-content\/uploads\/jugend-fuer-europa-logo.png\" alt=\"null\">\n\t<h3  data-ultimate-target='#interactive-banner-1-wrap-6291 .bb-top-title '  data-responsive-json-new='{\"font-size\":\"\",\"line-height\":\"\"}'  class=\"title-center bb-top-title ult-responsive\" style=\"font-weight:normal;background:#019ade;color:#ffffff;\">Bonn, Allemagne<\/h3>\n\t<div class=\"mask opaque-background\" style=\"background:#019ade;\">\n\t\t<div  data-ultimate-target='#interactive-banner-1-wrap-6291 .bb-description'  data-responsive-json-new='{\"font-size\":\"\",\"line-height\":\"\"}'  class=\"bb-description ult-responsive\" style=\"font-weight:normal;color:#ffffff;\">\u201eNous coop\u00e9rons avec JUGEND f\u00fcr Europa dans les domaines de l\u2019\u00e9valuation et de la recherche (Erasmus+ Jeunesse en action, Unter der Lupe et RAY).\u201c<\/p>\n<p>www.jugendfuereuropa.de<\/div>\n\t<\/div><a class=\"bb-link\" href=\"https:\/\/www.jugendfuereuropa.de\/\" target=\"_blank\" rel=\"noopener\" ><\/a>\n<\/div>[\/vc_column][\/vc_row][vc_row margin_top=&#8221;25&#8243; margin_bottom=&#8221;10&#8243; css=&#8221;.vc_custom_1512048920983{margin-bottom: 10px !important;}&#8221;][vc_column][vc_separator][\/vc_column][\/vc_row][vc_row][vc_column][vc_column_text]<\/p>\n<h2>Partenaires<\/h2>\n<p>Pour nous, le fait d\u2019int\u00e9grer nos offres de formations \u00e0 court terme dans un projet ayant une p\u00e9dagogie \u00e0 long terme est essentiel. C\u2019est pourquoi nous travaillons en coop\u00e9ration avec des organisations partenaires vari\u00e9es issues \u00e0 la fois du secteur formel et non-formel. Nos partenaires initient en partie un projet puis continuent d\u2019int\u00e9grer les \u00e9l\u00e9ments d\u00e9velopp\u00e9s par nos mesures p\u00e9dagogiques \u00e0 court-terme dans leurs propres mesures p\u00e9dagogiques \u00e0 long-terme. En tant qu\u2019interm\u00e9diaires entre notre propre organisation et leurs jeunes participants, ils influencent de mani\u00e8re significative les s\u00e9minaires et les projets que nous proposons. Gr\u00e2ce \u00e0 la collaboration avec nos structures partenaires, les objectifs, contenus et m\u00e9thodes de nos offres \u00e9ducatives peuvent ainsi \u00eatre adapt\u00e9es aux participants et \u00e0 leurs besoins.[\/vc_column_text][vc_separator][vc_column_text]\n\t<div class=\"gs_logo_area gs_logo_area_1 slider1\" style=\"opacity: 0; visibility: hidden;\">\n\t\t<div class=\"gs_logo_area--inner\">\n\n\t\t\t\n<div class=\"gs_logo_container gs_carousel_swiper gs_logo_fix_height_and_center\" data-carousel-config='{\"direction\":\"horizontal\",\"speed\":500,\"isAutoplay\":true,\"autoplayDelay\":2000,\"loop\":true,\"pauseOnHover\":true,\"ticker\":false,\"navs\":true,\"navs_pos\":\"bottom\",\"dots\":false,\"dynamic_dots\":true,\"slideSpace\":10,\"slidesPerGroup\":1,\"desktopLogos\":5,\"tabletLogos\":3,\"mobileLogos\":2,\"reverseDirection\":false}'>\n\n\t\n\t\t\n\t\t\t<div class=\"gs_logo_single--wrapper\">\n\t\t\t\t<div class=\"gs_logo_single\">\n\n\t\t\t\t\t<!-- Logo Img -->\n\t\t\t\t\t<a href=\"https:\/\/www.jobcenter-myk.de\/\" target=\"_blank\" rel=\"noopener\"><img width=\"250\" height=\"78\" src=\"https:\/\/www.ikab.de\/wp-content\/uploads\/jobcenter-myk.png\" class=\"gs-logo--img wp-post-image\" alt=\"\" decoding=\"async\" loading=\"lazy\" title=\"jobcenter-myk\" \/><\/a>\n\t\t\t\t\t<!-- Logo Title -->\n\t\t\t\t\t\t\t\t\t\t\n\t\t\t\t\t<!-- Logo Category -->\n\t\t\t\t\t\t\t\t\t\t\n\t\t\t\t<\/div>\n\t\t\t<\/div>\n\n\t\t\n\t\t\t<div class=\"gs_logo_single--wrapper\">\n\t\t\t\t<div class=\"gs_logo_single\">\n\n\t\t\t\t\t<!-- Logo Img -->\n\t\t\t\t\t<a href=\"https:\/\/kulturstiftung.allianz.de\/de\/\" target=\"_blank\" rel=\"noopener\"><img width=\"250\" height=\"78\" src=\"https:\/\/www.ikab.de\/wp-content\/uploads\/kulturstiftung-allianz.png\" class=\"gs-logo--img wp-post-image\" alt=\"\" decoding=\"async\" loading=\"lazy\" title=\"kulturstiftung.allianz\" \/><\/a>\n\t\t\t\t\t<!-- Logo Title -->\n\t\t\t\t\t\t\t\t\t\t\n\t\t\t\t\t<!-- Logo Category -->\n\t\t\t\t\t\t\t\t\t\t\n\t\t\t\t<\/div>\n\t\t\t<\/div>\n\n\t\t\n\t\t\t<div class=\"gs_logo_single--wrapper\">\n\t\t\t\t<div class=\"gs_logo_single\">\n\n\t\t\t\t\t<!-- Logo Img -->\n\t\t\t\t\t<a href=\"https:\/\/volonteurope.eu\/\" target=\"_blank\" rel=\"noopener\"><img width=\"250\" height=\"78\" src=\"https:\/\/www.ikab.de\/wp-content\/uploads\/volonteurope.png\" class=\"gs-logo--img wp-post-image\" alt=\"\" decoding=\"async\" loading=\"lazy\" title=\"volonteurope\" \/><\/a>\n\t\t\t\t\t<!-- Logo Title -->\n\t\t\t\t\t\t\t\t\t\t\n\t\t\t\t\t<!-- Logo Category -->\n\t\t\t\t\t\t\t\t\t\t\n\t\t\t\t<\/div>\n\t\t\t<\/div>\n\n\t\t\n\t\t\t<div class=\"gs_logo_single--wrapper\">\n\t\t\t\t<div class=\"gs_logo_single\">\n\n\t\t\t\t\t<!-- Logo Img -->\n\t\t\t\t\t<a href=\"http:\/\/www.carmenggmbh.de\/\" target=\"_blank\" rel=\"noopener\"><img width=\"250\" height=\"78\" src=\"https:\/\/www.ikab.de\/wp-content\/uploads\/carmenggmbh.png\" class=\"gs-logo--img wp-post-image\" alt=\"\" decoding=\"async\" loading=\"lazy\" title=\"carmenggmbh\" \/><\/a>\n\t\t\t\t\t<!-- Logo Title -->\n\t\t\t\t\t\t\t\t\t\t\n\t\t\t\t\t<!-- Logo Category -->\n\t\t\t\t\t\t\t\t\t\t\n\t\t\t\t<\/div>\n\t\t\t<\/div>\n\n\t\t\n\t\t\t<div class=\"gs_logo_single--wrapper\">\n\t\t\t\t<div class=\"gs_logo_single\">\n\n\t\t\t\t\t<!-- Logo Img -->\n\t\t\t\t\t<a href=\"http:\/\/www.yes-forum.eu\/\" target=\"_blank\" rel=\"noopener\"><img width=\"250\" height=\"78\" src=\"https:\/\/www.ikab.de\/wp-content\/uploads\/yes-forum.jpg\" class=\"gs-logo--img wp-post-image\" alt=\"\" decoding=\"async\" loading=\"lazy\" title=\"http:\/\/www.yes-forum.eu\/\" \/><\/a>\n\t\t\t\t\t<!-- Logo Title -->\n\t\t\t\t\t\t\t\t\t\t\n\t\t\t\t\t<!-- Logo Category -->\n\t\t\t\t\t\t\t\t\t\t\n\t\t\t\t<\/div>\n\t\t\t<\/div>\n\n\t\t\n\t\t\t<div class=\"gs_logo_single--wrapper\">\n\t\t\t\t<div class=\"gs_logo_single\">\n\n\t\t\t\t\t<!-- Logo Img -->\n\t\t\t\t\t<a href=\"http:\/\/www.ml-nordessonne.fr\/presentation-generale.htm\" target=\"_blank\" rel=\"noopener\"><img width=\"250\" height=\"78\" src=\"https:\/\/www.ikab.de\/wp-content\/uploads\/ml-nordessonnel.png\" class=\"gs-logo--img wp-post-image\" alt=\"\" decoding=\"async\" loading=\"lazy\" title=\"ml-nordessonne\" \/><\/a>\n\t\t\t\t\t<!-- Logo Title -->\n\t\t\t\t\t\t\t\t\t\t\n\t\t\t\t\t<!-- Logo Category -->\n\t\t\t\t\t\t\t\t\t\t\n\t\t\t\t<\/div>\n\t\t\t<\/div>\n\n\t\t\n\t\t\t<div class=\"gs_logo_single--wrapper\">\n\t\t\t\t<div class=\"gs_logo_single\">\n\n\t\t\t\t\t<!-- Logo Img -->\n\t\t\t\t\t<a href=\"https:\/\/qualifizierungsverein.de\/\" target=\"_blank\" rel=\"noopener\"><img width=\"250\" height=\"78\" src=\"https:\/\/www.ikab.de\/wp-content\/uploads\/qualifizierungsverein.png\" class=\"gs-logo--img wp-post-image\" alt=\"\" decoding=\"async\" loading=\"lazy\" title=\"qualifizierungsverein\" \/><\/a>\n\t\t\t\t\t<!-- Logo Title -->\n\t\t\t\t\t\t\t\t\t\t\n\t\t\t\t\t<!-- Logo Category -->\n\t\t\t\t\t\t\t\t\t\t\n\t\t\t\t<\/div>\n\t\t\t<\/div>\n\n\t\t\n\t\t\t<div class=\"gs_logo_single--wrapper\">\n\t\t\t\t<div class=\"gs_logo_single\">\n\n\t\t\t\t\t<!-- Logo Img -->\n\t\t\t\t\t<a href=\"http:\/\/www.berufskolleg-am-haspel.de\/\" target=\"_blank\" rel=\"noopener\"><img width=\"250\" height=\"78\" src=\"https:\/\/www.ikab.de\/wp-content\/uploads\/berufskolleg-haspel.png\" class=\"gs-logo--img wp-post-image\" alt=\"\" decoding=\"async\" loading=\"lazy\" title=\"berufskolleg-haspel\" \/><\/a>\n\t\t\t\t\t<!-- Logo Title -->\n\t\t\t\t\t\t\t\t\t\t\n\t\t\t\t\t<!-- Logo Category -->\n\t\t\t\t\t\t\t\t\t\t\n\t\t\t\t<\/div>\n\t\t\t<\/div>\n\n\t\t\n\t\t\t<div class=\"gs_logo_single--wrapper\">\n\t\t\t\t<div class=\"gs_logo_single\">\n\n\t\t\t\t\t<!-- Logo Img -->\n\t\t\t\t\t<a href=\"http:\/\/www.klaus-steilmann-berufskolleg.de\/\" target=\"_blank\" rel=\"noopener\"><img width=\"250\" height=\"78\" src=\"https:\/\/www.ikab.de\/wp-content\/uploads\/klaus-steilmann-berufskolleg.png\" class=\"gs-logo--img wp-post-image\" alt=\"\" decoding=\"async\" loading=\"lazy\" title=\"klaus-steilmann-berufskolleg\" \/><\/a>\n\t\t\t\t\t<!-- Logo Title -->\n\t\t\t\t\t\t\t\t\t\t\n\t\t\t\t\t<!-- Logo Category -->\n\t\t\t\t\t\t\t\t\t\t\n\t\t\t\t<\/div>\n\t\t\t<\/div>\n\n\t\t\t\t\n\t\n<\/div>\t\t<\/div>\n\t<\/div>\n\n\t[\/vc_column_text][vc_separator][\/vc_column][\/vc_row]<\/p>\n<\/section>","protected":false},"excerpt":{"rendered":"<p>[vc_row][vc_column][vc_column_text] Partenaires de coop\u00e9ration Sur le plan institutionnel, nous travaillons avec les organisations suivantes:[\/vc_column_text][\/vc_column][\/vc_row][vc_row gap=&#8221;10&#8243;][vc_column width=&#8221;1\/2&#8243; css=&#8221;.vc_custom_1508924898541{padding-right: 20% !important;}&#8221;][\/vc_column][vc_column width=&#8221;1\/2&#8243; css=&#8221;.vc_custom_1508924968562{padding-right: 20% !important;}&#8221;][\/vc_column][\/vc_row][vc_row][vc_column width=&#8221;1\/2&#8243; css=&#8221;.vc_custom_1508924977216{padding-right: 20% !important;}&#8221;][\/vc_column][vc_column width=&#8221;1\/2&#8243; css=&#8221;.vc_custom_1508924986051{padding-right: 20% !important;}&#8221;][\/vc_column][\/vc_row][vc_row margin_top=&#8221;25&#8243; margin_bottom=&#8221;10&#8243; css=&#8221;.vc_custom_1512048920983{margin-bottom: 10px !important;}&#8221;][vc_column][vc_separator][\/vc_column][\/vc_row][vc_row][vc_column][vc_column_text] Partenaires Pour nous, le fait d\u2019int\u00e9grer nos offres de formations \u00e0 court terme dans un projet ayant une p\u00e9dagogie&hellip;<\/p>\n","protected":false},"author":1,"featured_media":0,"parent":813,"menu_order":0,"comment_status":"closed","ping_status":"closed","template":"","meta":[],"_links":{"self":[{"href":"https:\/\/www.ikab.de\/fr\/wp-json\/wp\/v2\/pages\/844"}],"collection":[{"href":"https:\/\/www.ikab.de\/fr\/wp-json\/wp\/v2\/pages"}],"about":[{"href":"https:\/\/www.ikab.de\/fr\/wp-json\/wp\/v2\/types\/page"}],"author":[{"embeddable":true,"href":"https:\/\/www.ikab.de\/fr\/wp-json\/wp\/v2\/users\/1"}],"replies":[{"embeddable":true,"href":"https:\/\/www.ikab.de\/fr\/wp-json\/wp\/v2\/comments?post=844"}],"version-history":[{"count":3,"href":"https:\/\/www.ikab.de\/fr\/wp-json\/wp\/v2\/pages\/844\/revisions"}],"predecessor-version":[{"id":1933,"href":"https:\/\/www.ikab.de\/fr\/wp-json\/wp\/v2\/pages\/844\/revisions\/1933"}],"up":[{"embeddable":true,"href":"https:\/\/www.ikab.de\/fr\/wp-json\/wp\/v2\/pages\/813"}],"wp:attachment":[{"href":"https:\/\/www.ikab.de\/fr\/wp-json\/wp\/v2\/media?parent=844"}],"curies":[{"name":"wp","href":"https:\/\/api.w.org\/{rel}","templated":true}]}}