{"id":850,"date":"2017-11-30T14:37:18","date_gmt":"2017-11-30T13:37:18","guid":{"rendered":"https:\/\/www.ikab.de\/a-propos-de-nous\/publikationen\/"},"modified":"2018-09-13T12:23:41","modified_gmt":"2018-09-13T10:23:41","slug":"publications","status":"publish","type":"page","link":"https:\/\/www.ikab.de\/fr\/a-propos-de-nous\/publications\/","title":{"rendered":"Publications"},"content":{"rendered":"<section class=\"wpb-content-wrapper\"><p>[vc_row 0=&#8221;&#8221;][vc_column 0=&#8221;&#8221;][vc_column_text 0=&#8221;&#8221;]<\/p>\n<h1>Publications<\/h1>\n<p>[\/vc_column_text][\/vc_column][\/vc_row][vc_row margin_top=&#8221;10&#8243; margin_bottom=&#8221;10&#8243; css=&#8221;.vc_custom_1496161847299{margin-bottom: 10px !important;}&#8221;][vc_column 0=&#8221;&#8221;][vc_single_image image=&#8221;396&#8243; img_size=&#8221;full&#8221; alignment=&#8221;center&#8221;][\/vc_column][\/vc_row][vc_row content_placement=&#8221;middle&#8221;][vc_column 0=&#8221;&#8221;][vc_column_text 0=&#8221;&#8221;]<\/p>\n<h2>Ouvrages<\/h2>\n<p>IKAB e.V. publie une s\u00e9rie d&#8217;ouvrages:[\/vc_column_text]<div class=\"smile_icon_list_wrap ult_info_list_container ult-adjust-bottom-margin  \"><ul class=\"smile_icon_list left square with_bg\"><li class=\"icon_list_item\" style=\" font-size:72px;\"><div class=\"icon_list_icon\" data-animation=\"\" data-animation-delay=\"03\" style=\"font-size:24px;border-width:1px;border-style:none;background:#ffffff;color:#3e2782;border-color:#333333;\"><i class=\"Defaults-chevron-right\" ><\/i><\/div><div class=\"icon_description\" id=\"Info-list-wrap-8501\" style=\"font-size:24px;\"><div class=\"icon_description_text ult-responsive\"  data-ultimate-target='#Info-list-wrap-8501 .icon_description_text'  data-responsive-json-new='{\"font-size\":\"desktop:15px;\",\"line-height\":\"desktop:18px;\"}'  style=\"\"><h4>Tome 7<\/h4>\n<p>Yael Ohana \/ Hendrik Otten (Hrsg.): Where do you stand? Intercultural Learning and Political Education in Contemporary Europe, Wiesbaden 2012<\/p>\n<\/div><\/div><div class=\"icon_list_connector\"  style=\"border-right-width: 1px;border-right-style: dashed;border-color: #3b3f4a;\"><\/div><\/li><li class=\"icon_list_item\" style=\" font-size:72px;\"><div class=\"icon_list_icon\" data-animation=\"\" data-animation-delay=\"03\" style=\"font-size:24px;border-width:1px;border-style:none;background:#ffffff;color:#3e2782;border-color:#333333;\"><i class=\"Defaults-chevron-right\" ><\/i><\/div><div class=\"icon_description\" id=\"Info-list-wrap-4672\" style=\"font-size:24px;\"><div class=\"icon_description_text ult-responsive\"  data-ultimate-target='#Info-list-wrap-4672 .icon_description_text'  data-responsive-json-new='{\"font-size\":\"desktop:15px;\",\"line-height\":\"desktop:18px;\"}'  style=\"\"><h4>Tome 6<\/h4>\n<p>Otten, Hendrik \/ Lauritzen, Peter (Hrsg.): Jugendarbeit und Jugendpolitik in Europa, Wiesbaden 2004.<\/p>\n<\/div><\/div><div class=\"icon_list_connector\"  style=\"border-right-width: 1px;border-right-style: dashed;border-color: #3b3f4a;\"><\/div><\/li><li class=\"icon_list_item\" style=\" font-size:72px;\"><div class=\"icon_list_icon\" data-animation=\"\" data-animation-delay=\"03\" style=\"font-size:24px;border-width:1px;border-style:none;background:#ffffff;color:#3e2782;border-color:#333333;\"><i class=\"Defaults-chevron-right\" ><\/i><\/div><div class=\"icon_description\" id=\"Info-list-wrap-3344\" style=\"font-size:24px;\"><div class=\"icon_description_text ult-responsive\"  data-ultimate-target='#Info-list-wrap-3344 .icon_description_text'  data-responsive-json-new='{\"font-size\":\"desktop:15px;\",\"line-height\":\"desktop:18px;\"}'  style=\"\"><h4>Tome 5<\/h4>\n<p>Otten, Hendrik \/ Treuheit, Werner (Hrsg.): Interkulturelles Lernen in Theorie und Praxis. Ein Handbuch f\u00fcr Jugendarbeit und Weiterbildung. Opladen 1994.<\/p>\n<\/div><\/div><div class=\"icon_list_connector\"  style=\"border-right-width: 1px;border-right-style: dashed;border-color: #3b3f4a;\"><\/div><\/li><li class=\"icon_list_item\" style=\" font-size:72px;\"><div class=\"icon_list_icon\" data-animation=\"\" data-animation-delay=\"03\" style=\"font-size:24px;border-width:1px;border-style:none;background:#ffffff;color:#3e2782;border-color:#333333;\"><i class=\"Defaults-chevron-right\" ><\/i><\/div><div class=\"icon_description\" id=\"Info-list-wrap-7581\" style=\"font-size:24px;\"><div class=\"icon_description_text ult-responsive\"  data-ultimate-target='#Info-list-wrap-7581 .icon_description_text'  data-responsive-json-new='{\"font-size\":\"desktop:15px;\",\"line-height\":\"desktop:18px;\"}'  style=\"\"><h4>Tome 4<\/h4>\n<p>Sternecker, Petra: Kulturelle Identit\u00e4t und interkulturelles Lernen. Zur entwicklungsp\u00e4dagogischen Relevanz der Kritischen Theorie. Opladen 1992.<\/p>\n<\/div><\/div><div class=\"icon_list_connector\"  style=\"border-right-width: 1px;border-right-style: dashed;border-color: #3b3f4a;\"><\/div><\/li><li class=\"icon_list_item\" style=\" font-size:72px;\"><div class=\"icon_list_icon\" data-animation=\"\" data-animation-delay=\"03\" style=\"font-size:24px;border-width:1px;border-style:none;background:#ffffff;color:#3e2782;border-color:#333333;\"><i class=\"Defaults-chevron-right\" ><\/i><\/div><div class=\"icon_description\" id=\"Info-list-wrap-4599\" style=\"font-size:24px;\"><div class=\"icon_description_text ult-responsive\"  data-ultimate-target='#Info-list-wrap-4599 .icon_description_text'  data-responsive-json-new='{\"font-size\":\"desktop:15px;\",\"line-height\":\"desktop:18px;\"}'  style=\"\"><h4>Tome 3<\/h4>\n<p>Treuheit, Werner \/ Janssen, Bernd \/ Otten, Hendrik: Bildung f\u00fcr Europa. Interkulturelles Lernen in Jugendbegegnungen. Opladen 1990<\/p>\n<\/div><\/div><div class=\"icon_list_connector\"  style=\"border-right-width: 1px;border-right-style: dashed;border-color: #3b3f4a;\"><\/div><\/li><li class=\"icon_list_item\" style=\" font-size:72px;\"><div class=\"icon_list_icon\" data-animation=\"\" data-animation-delay=\"03\" style=\"font-size:24px;border-width:1px;border-style:none;background:#ffffff;color:#3e2782;border-color:#333333;\"><i class=\"Defaults-chevron-right\" ><\/i><\/div><div class=\"icon_description\" id=\"Info-list-wrap-2697\" style=\"font-size:24px;\"><div class=\"icon_description_text ult-responsive\"  data-ultimate-target='#Info-list-wrap-2697 .icon_description_text'  data-responsive-json-new='{\"font-size\":\"desktop:15px;\",\"line-height\":\"desktop:18px;\"}'  style=\"\"><h4>Tome 2<\/h4>\n<p>Treuheit, Werner \/ Otten, Hendrik: Akkulturation junger Ausl\u00e4nder in der Bundesrepublik Deutschland. Probleme und Konzepte. Opladen 1986.<\/p>\n<\/div><\/div><div class=\"icon_list_connector\"  style=\"border-right-width: 1px;border-right-style: dashed;border-color: #3b3f4a;\"><\/div><\/li><li class=\"icon_list_item\" style=\" font-size:72px;\"><div class=\"icon_list_icon\" data-animation=\"\" data-animation-delay=\"03\" style=\"font-size:24px;border-width:1px;border-style:none;background:#ffffff;color:#3e2782;border-color:#333333;\"><i class=\"Defaults-chevron-right\" ><\/i><\/div><div class=\"icon_description\" id=\"Info-list-wrap-4193\" style=\"font-size:24px;\"><div class=\"icon_description_text ult-responsive\"  data-ultimate-target='#Info-list-wrap-4193 .icon_description_text'  data-responsive-json-new='{\"font-size\":\"desktop:15px;\",\"line-height\":\"desktop:18px;\"}'  style=\"\"><h4>Tome 1<\/h4>\n<p>Otten, Hendrik: Zur politischen Didaktik interkulturellen Lernens. Ein Planungskonzept f\u00fcr internationale Jugendarbeit. Opladen 1985.<\/p>\n<\/div><\/div><div class=\"icon_list_connector\"  style=\"border-right-width: 1px;border-right-style: dashed;border-color: #3b3f4a;\"><\/div><\/li><\/ul><\/div>[\/vc_column][\/vc_row][vc_row margin_top=&#8221;10&#8243; margin_bottom=&#8221;10&#8243;][vc_column 0=&#8221;&#8221;][vc_separator 0=&#8221;&#8221;][\/vc_column][\/vc_row][vc_row content_placement=&#8221;middle&#8221;][vc_column 0=&#8221;&#8221;][vc_column_text 0=&#8221;&#8221;]<\/p>\n<h2>Autres publications<\/h2>\n<p>[\/vc_column_text][vc_column_text 0=&#8221;&#8221;]Otten, Hendrik,\u00a0Ohana, Yael: <em>The eight key competencies for Lifelong Learning: an appropriate framework within which to develop the competence of trainers in the field of European youth work or just plain politics?\u00a0<\/em>SALTO,<br \/>\nBonn: September 2009.\u00a0<a href=\"https:\/\/www.ikab.de\/wp-content\/uploads\/Otten_Ohana_8keycompetence_study_2009.pdf\" target=\"_blank\" rel=\"noopener\">PDF<\/a>[\/vc_column_text][vc_column_text 0=&#8221;&#8221;]Otten, Hendrik: <em>Zehn Thesen zum Zusammenhang von europ\u00e4ischer Jugendarbeit, interkulturellem Lernen und Anforderungen an haupt- und nebenamtliche Mitarbeiterinnen und Mitarbeiter im Hinblick auf ihre Qualifizierung und Professionalisierung ihrer Arbeit<\/em>. Europarat\/Europ\u00e4isches Jugendzentrum Budapest: Februar 2009.\u00a0<a href=\"https:\/\/www.ikab.de\/wp-content\/uploads\/Otten_thesen_neu_de_Feb09.pdf\" target=\"_blank\" rel=\"noopener\">PDF<\/a>[\/vc_column_text][vc_column_text 0=&#8221;&#8221;]Fennes, Helmut, Otten, Hendrik: <em>Qualit\u00e4t, Professionalit\u00e4t und Kompetenz f\u00fcr nicht-formale Bildung und Training im Kontext europ\u00e4ischer Jugendarbeit.<\/em>JUGEND f\u00fcr Europa \u2013 Deutsche Agentur f\u00fcr das EU Programm JUGEND IN AKTION (Hg.): documents N\u00b010, Bonn: Dezember 2008. <a href=\"http:\/\/www.jugendfuereuropa.de\/downloads\/4-20-1212\/Studie_10_end.pdf\" target=\"_blank\" rel=\"noopener\">http:\/\/www.jugendfuereuropa.de\/downloads\/4-20-1212\/Studie_10_end.pdf<\/a>[\/vc_column_text][vc_column_text 0=&#8221;&#8221;]Otten, Hendrik, Ohana, Yael, Karsten, Andreas<em>: <\/em><em>Born in Flensburg \u2013 Journeyswith Peter Lauritzen. <\/em>IKAB in cooperation with Frankly Speaking Berlin: September 2008[\/vc_column_text][vc_column_text 0=&#8221;&#8221;]M\u00fctter, Annette: <em>Non-Formal Youth Work \u2013 Quo Vadis? The Implementation of EU Youth Policy on Non-Formal Education and its Impact on National Youth Policy and Youth Work in Germany. <\/em>Abschlussarbeit im Rahmen des Masterstudiengangs <em>Comparative European SocialStudies. <\/em>HogeschoolZuyd, Maastricht: September 2008.\u00a0<a href=\"https:\/\/www.ikab.de\/wp-content\/uploads\/Non-Formal-Youth-Work-Quo-Vadis-Annette-Muetter.pdf\" target=\"_blank\" rel=\"noopener\">PDF<\/a>[\/vc_column_text][vc_column_text 0=&#8221;&#8221;]Otten, Hendrik: <em>Interkulturelles Lernen als politische Bildung in der europ\u00e4ischen Zivilgesellschaft<\/em>. In: G\u00fcnter J. Friesenhahn, Andreas Thimmel (Hrsg.), Schl\u00fcsseltexte. Engagement und Kompetenz in der internationalen Jugendarbeit. Wochenschau Verlag, Schwalbach\/Ts. 2005.[\/vc_column_text][\/vc_column][\/vc_row]<\/p>\n<\/section>","protected":false},"excerpt":{"rendered":"<p>[vc_row 0=&#8221;&#8221;][vc_column 0=&#8221;&#8221;][vc_column_text 0=&#8221;&#8221;] Publications [\/vc_column_text][\/vc_column][\/vc_row][vc_row margin_top=&#8221;10&#8243; margin_bottom=&#8221;10&#8243; css=&#8221;.vc_custom_1496161847299{margin-bottom: 10px !important;}&#8221;][vc_column 0=&#8221;&#8221;][vc_single_image image=&#8221;396&#8243; img_size=&#8221;full&#8221; alignment=&#8221;center&#8221;][\/vc_column][\/vc_row][vc_row content_placement=&#8221;middle&#8221;][vc_column 0=&#8221;&#8221;][vc_column_text 0=&#8221;&#8221;] Ouvrages IKAB e.V. publie une s\u00e9rie d&#8217;ouvrages:[\/vc_column_text][\/vc_column][\/vc_row][vc_row margin_top=&#8221;10&#8243; margin_bottom=&#8221;10&#8243;][vc_column 0=&#8221;&#8221;][vc_separator 0=&#8221;&#8221;][\/vc_column][\/vc_row][vc_row content_placement=&#8221;middle&#8221;][vc_column 0=&#8221;&#8221;][vc_column_text 0=&#8221;&#8221;] Autres publications [\/vc_column_text][vc_column_text 0=&#8221;&#8221;]Otten, Hendrik,\u00a0Ohana, Yael: The eight key competencies for Lifelong Learning: an appropriate framework within which to develop the competence of&hellip;<\/p>\n","protected":false},"author":1,"featured_media":0,"parent":813,"menu_order":0,"comment_status":"closed","ping_status":"closed","template":"","meta":[],"_links":{"self":[{"href":"https:\/\/www.ikab.de\/fr\/wp-json\/wp\/v2\/pages\/850"}],"collection":[{"href":"https:\/\/www.ikab.de\/fr\/wp-json\/wp\/v2\/pages"}],"about":[{"href":"https:\/\/www.ikab.de\/fr\/wp-json\/wp\/v2\/types\/page"}],"author":[{"embeddable":true,"href":"https:\/\/www.ikab.de\/fr\/wp-json\/wp\/v2\/users\/1"}],"replies":[{"embeddable":true,"href":"https:\/\/www.ikab.de\/fr\/wp-json\/wp\/v2\/comments?post=850"}],"version-history":[{"count":3,"href":"https:\/\/www.ikab.de\/fr\/wp-json\/wp\/v2\/pages\/850\/revisions"}],"predecessor-version":[{"id":947,"href":"https:\/\/www.ikab.de\/fr\/wp-json\/wp\/v2\/pages\/850\/revisions\/947"}],"up":[{"embeddable":true,"href":"https:\/\/www.ikab.de\/fr\/wp-json\/wp\/v2\/pages\/813"}],"wp:attachment":[{"href":"https:\/\/www.ikab.de\/fr\/wp-json\/wp\/v2\/media?parent=850"}],"curies":[{"name":"wp","href":"https:\/\/api.w.org\/{rel}","templated":true}]}}