{"id":867,"date":"2017-05-15T10:15:33","date_gmt":"2017-05-15T08:15:33","guid":{"rendered":"https:\/\/www.ikab.de\/startseite\/"},"modified":"2018-09-13T13:46:08","modified_gmt":"2018-09-13T11:46:08","slug":"startseite","status":"publish","type":"page","link":"https:\/\/www.ikab.de\/fr\/","title":{"rendered":"Accueil"},"content":{"rendered":"<section class=\"wpb-content-wrapper\"><p>[vc_row margin_top=&#8221;50&#8243;][vc_column][vc_custom_heading text=&#8221;Nous vous souhaitons la bienvenue chez IKAB \u00e0 Bonn&#8221; font_container=&#8221;tag:h1|text_align:center&#8221; use_theme_fonts=&#8221;yes&#8221;][vc_column_text]<\/p>\n<p style=\"text-align: center;\">Nous nous engageons dans l\u2019\u00e9ducation \u00e0 la citoyennet\u00e9 interculturelle th\u00e9orique et pratique. Nous r\u00e9alisons, sur une base d\u2019\u00e9valuation et de recherche, des offres destin\u00e9es aux jeunes et aux multiplicateur\u00b7rice\u00b7s \u0153uvrant dans le domaine du travail jeunesse et du travail social en Allemagne et dans toute l\u2019Europe.<\/p>\n<p>[\/vc_column_text]<div class=\"text-centered\"><a href=\"https:\/\/www.ikab.de\/fr\/a-propos-de-nous\/education-a-la-citoyennete-interculturelle\/\" class=\"btn-shortcode dt-btn-l dt-btn default-btn-color default-btn-hover-color default-btn-bg-color default-btn-bg-hover-color\" id=\"dt-btn-1\"><span>\u00c0 propos de nous<\/span><\/a><\/div>[\/vc_column][\/vc_row][vc_row type=&#8221;vc_default&#8221; full_width=&#8221;stretch_row&#8221; bg_type=&#8221;bg_color&#8221; bg_color_value=&#8221;#f7f7f7&#8243; css=&#8221;.vc_custom_1496151114526{margin-top: 100px !important;padding-top: 60px !important;padding-bottom: 80px !important;}&#8221;][vc_column][vc_row_inner css=&#8221;.vc_custom_1498121153757{margin-bottom: 25px !important;}&#8221;][vc_column_inner][vc_custom_heading text=&#8221;Nouvelles&#8221; font_container=&#8221;tag:h2|text_align:center&#8221; use_theme_fonts=&#8221;yes&#8221;][vc_column_text]<\/p>\n<p style=\"text-align: center;\">Nous sommes heureux de vous informer sur notre association et nos projets en cours<\/p>\n<p>[\/vc_column_text]<style type=\"text\/css\" data-type=\"the7_shortcodes-inline-css\">.blog-shortcode.blog-masonry-shortcode-id-68e15a67b9b696db701b38b12f1d9e21.dividers-on.classic-layout-list article {\n  padding-top: 0;\n}\n.blog-shortcode.blog-masonry-shortcode-id-68e15a67b9b696db701b38b12f1d9e21.dividers-on.classic-layout-list article:first-of-type {\n  margin-top: 0;\n  padding-top: 0;\n}\n.blog-shortcode.blog-masonry-shortcode-id-68e15a67b9b696db701b38b12f1d9e21.classic-layout-list.mode-list .post-entry-content {\n  width: calc(100% - );\n}\n.blog-shortcode.blog-masonry-shortcode-id-68e15a67b9b696db701b38b12f1d9e21.classic-layout-list.mode-list .no-img .post-entry-content {\n  width: 100%;\n}\n.blog-shortcode.blog-masonry-shortcode-id-68e15a67b9b696db701b38b12f1d9e21 .filter-bg-decoration .filter-categories a.act {\n  color: #fff;\n}\n.blog-shortcode.blog-masonry-shortcode-id-68e15a67b9b696db701b38b12f1d9e21:not(.mode-masonry) article:first-of-type,\n.blog-shortcode.blog-masonry-shortcode-id-68e15a67b9b696db701b38b12f1d9e21:not(.mode-masonry) article.visible.first:not(.product) {\n  margin-top: 0;\n}\n.blog-shortcode.blog-masonry-shortcode-id-68e15a67b9b696db701b38b12f1d9e21.dividers-on:not(.mode-masonry) article {\n  margin-top: 0;\n}\n.blog-shortcode.blog-masonry-shortcode-id-68e15a67b9b696db701b38b12f1d9e21.dividers-on:not(.mode-masonry) article:first-of-type,\n.blog-shortcode.blog-masonry-shortcode-id-68e15a67b9b696db701b38b12f1d9e21.dividers-on:not(.mode-masonry) article.visible.first:not(.product) {\n  margin-top: 0;\n  padding-top: 0;\n}\n.blog-shortcode.blog-masonry-shortcode-id-68e15a67b9b696db701b38b12f1d9e21 .post-thumbnail-wrap {\n  padding: 0px 0px 0px 0px;\n}\n.blog-shortcode.blog-masonry-shortcode-id-68e15a67b9b696db701b38b12f1d9e21.enable-bg-rollover .post-thumbnail-rollover:after {\n  background: -webkit-linear-gradient();\n  background: linear-gradient();\n}\n.blog-shortcode.blog-masonry-shortcode-id-68e15a67b9b696db701b38b12f1d9e21 .gallery-zoom-ico {\n  width: 44px;\n  height: 44px;\n  line-height: 44px;\n  border-radius: 100px;\n  margin: -22px 0 0 -22px;\n  border-width: 0px;\n  color: #ffffff;\n}\n.bottom-overlap-layout-list.blog-shortcode.blog-masonry-shortcode-id-68e15a67b9b696db701b38b12f1d9e21 .gallery-zoom-ico {\n  margin-top: -72px;\n}\n.gradient-overlay-layout-list.blog-shortcode.blog-masonry-shortcode-id-68e15a67b9b696db701b38b12f1d9e21 .gallery-zoom-ico,\n.content-rollover-layout-list.blog-shortcode.blog-masonry-shortcode-id-68e15a67b9b696db701b38b12f1d9e21 .gallery-zoom-ico {\n  margin: 0 0 10px;\n}\n.content-align-center.gradient-overlay-layout-list.blog-shortcode.blog-masonry-shortcode-id-68e15a67b9b696db701b38b12f1d9e21 .gallery-zoom-ico,\n.content-align-center.content-rollover-layout-list.blog-shortcode.blog-masonry-shortcode-id-68e15a67b9b696db701b38b12f1d9e21 .gallery-zoom-ico {\n  margin: 0 auto 10px;\n}\n.dt-icon-bg-on.blog-shortcode.blog-masonry-shortcode-id-68e15a67b9b696db701b38b12f1d9e21 .gallery-zoom-ico {\n  background: rgba(255,255,255,0.3);\n  box-shadow: none;\n}\n.blog-shortcode.blog-masonry-shortcode-id-68e15a67b9b696db701b38b12f1d9e21 .gallery-zoom-ico > span,\n.blog-shortcode.blog-masonry-shortcode-id-68e15a67b9b696db701b38b12f1d9e21 .gallery-zoom-ico:before {\n  font-size: 32px;\n  line-height: 44px;\n}\n.blog-shortcode.blog-masonry-shortcode-id-68e15a67b9b696db701b38b12f1d9e21 .gallery-zoom-ico > span,\n.blog-shortcode.blog-masonry-shortcode-id-68e15a67b9b696db701b38b12f1d9e21 .gallery-zoom-ico:before {\n  color: #ffffff;\n}\n.blog-shortcode.blog-masonry-shortcode-id-68e15a67b9b696db701b38b12f1d9e21 .entry-title,\n.blog-shortcode.blog-masonry-shortcode-id-68e15a67b9b696db701b38b12f1d9e21.owl-carousel .entry-title {\n  margin-bottom: 5px;\n  font-weight: bold;\n}\n.blog-shortcode.blog-masonry-shortcode-id-68e15a67b9b696db701b38b12f1d9e21 .entry-meta {\n  margin-bottom: 15px;\n}\n.blog-shortcode.blog-masonry-shortcode-id-68e15a67b9b696db701b38b12f1d9e21 .portfolio-categories {\n  margin-bottom: 15px;\n}\n.blog-shortcode.blog-masonry-shortcode-id-68e15a67b9b696db701b38b12f1d9e21 .entry-excerpt {\n  margin-bottom: 5px;\n}\n.blog-shortcode.blog-masonry-shortcode-id-68e15a67b9b696db701b38b12f1d9e21:not(.centered-layout-list) .post-entry-content {\n  padding: 25px 30px 30px 30px;\n}\n.blog-shortcode.blog-masonry-shortcode-id-68e15a67b9b696db701b38b12f1d9e21:not(.centered-layout-list):not(.content-bg-on):not(.mode-list) .no-img .post-entry-content {\n  padding: 0;\n}\n@media screen and (max-width: ) {\n  .blog-shortcode.blog-masonry-shortcode-id-68e15a67b9b696db701b38b12f1d9e21 article {\n    -ms-flex-flow: column nowrap;\n    flex-flow: column nowrap;\n    margin-top: 20px;\n  }\n  .blog-shortcode.blog-masonry-shortcode-id-68e15a67b9b696db701b38b12f1d9e21.dividers-on article {\n    border: none;\n  }\n  .blog-shortcode.blog-masonry-shortcode-id-68e15a67b9b696db701b38b12f1d9e21.content-bg-on.centered-layout-list article {\n    padding: 0;\n  }\n  .blog-shortcode.blog-masonry-shortcode-id-68e15a67b9b696db701b38b12f1d9e21.blog-shortcode.dividers-on article,\n  .blog-shortcode.blog-masonry-shortcode-id-68e15a67b9b696db701b38b12f1d9e21.dividers-on.classic-layout-list article {\n    margin-top: 20px;\n    padding: 0;\n  }\n  .blog-shortcode.blog-masonry-shortcode-id-68e15a67b9b696db701b38b12f1d9e21.blog-shortcode.dividers-on article:first-of-type,\n  .blog-shortcode.blog-masonry-shortcode-id-68e15a67b9b696db701b38b12f1d9e21.dividers-on.classic-layout-list article:first-of-type {\n    padding: 0;\n  }\n  #page .blog-shortcode.blog-masonry-shortcode-id-68e15a67b9b696db701b38b12f1d9e21 .post-thumbnail-wrap,\n  #page .blog-shortcode.blog-masonry-shortcode-id-68e15a67b9b696db701b38b12f1d9e21 .post-entry-content {\n    width: 100%;\n    margin: 0;\n    top: 0;\n  }\n  #page .blog-shortcode.blog-masonry-shortcode-id-68e15a67b9b696db701b38b12f1d9e21 .post-thumbnail-wrap {\n    padding: 0;\n  }\n  #page .blog-shortcode.blog-masonry-shortcode-id-68e15a67b9b696db701b38b12f1d9e21 .post-entry-content:after {\n    display: none;\n  }\n  #page .blog-shortcode.blog-masonry-shortcode-id-68e15a67b9b696db701b38b12f1d9e21 .project-even .post-thumbnail-wrap,\n  #page .blog-shortcode.blog-masonry-shortcode-id-68e15a67b9b696db701b38b12f1d9e21.centered-layout-list .post-thumbnail-wrap {\n    -ms-flex-order: 0;\n    order: 0;\n  }\n  #page .blog-shortcode.blog-masonry-shortcode-id-68e15a67b9b696db701b38b12f1d9e21.centered-layout-list .post-entry-title-content {\n    -ms-flex-order: 1;\n    order: 1;\n    width: 100%;\n    padding: 20px 20px 0;\n  }\n  #page .blog-shortcode.blog-masonry-shortcode-id-68e15a67b9b696db701b38b12f1d9e21.centered-layout-list .post-entry-content {\n    -ms-flex-order: 2;\n    order: 2;\n    padding-top: 0;\n  }\n  #page .blog-shortcode.blog-masonry-shortcode-id-68e15a67b9b696db701b38b12f1d9e21 .fancy-categories {\n    top: 10px;\n    left: 10px;\n    bottom: auto;\n    right: auto;\n  }\n  #page .blog-shortcode.blog-masonry-shortcode-id-68e15a67b9b696db701b38b12f1d9e21 .fancy-date a {\n    top: 10px;\n    right: 10px;\n    left: auto;\n    bottom: auto;\n  }\n  #page .blog-shortcode.blog-masonry-shortcode-id-68e15a67b9b696db701b38b12f1d9e21 .post-entry-content {\n    padding: 20px;\n  }\n  #page .blog-shortcode.blog-masonry-shortcode-id-68e15a67b9b696db701b38b12f1d9e21 .entry-title {\n    margin: 3px 0 5px;\n    font-size: 20px;\n    line-height: 26px;\n  }\n  #page .blog-shortcode.blog-masonry-shortcode-id-68e15a67b9b696db701b38b12f1d9e21 .entry-meta {\n    margin: 5px 0 5px;\n  }\n  #page .blog-shortcode.blog-masonry-shortcode-id-68e15a67b9b696db701b38b12f1d9e21 .entry-excerpt {\n    margin: 15px 0 0;\n  }\n  #page .blog-shortcode.blog-masonry-shortcode-id-68e15a67b9b696db701b38b12f1d9e21 .post-details {\n    margin: 5px 0 10px;\n  }\n  #page .blog-shortcode.blog-masonry-shortcode-id-68e15a67b9b696db701b38b12f1d9e21 .post-details.details-type-link {\n    margin-bottom: 2px;\n  }\n}\n.blog-shortcode.blog-masonry-shortcode-id-68e15a67b9b696db701b38b12f1d9e21:not(.resize-by-browser-width) .dt-css-grid {\n  grid-row-gap: 30px;\n  grid-column-gap: 30px;\n  grid-template-columns: repeat(auto-fill,minmax(,1fr));\n}\n.blog-shortcode.blog-masonry-shortcode-id-68e15a67b9b696db701b38b12f1d9e21:not(.resize-by-browser-width) .dt-css-grid .double-width {\n  grid-column: span 2;\n}\n.cssgridlegacy.no-cssgrid .blog-shortcode.blog-masonry-shortcode-id-68e15a67b9b696db701b38b12f1d9e21:not(.resize-by-browser-width) .dt-css-grid,\n.no-cssgridlegacy.no-cssgrid .blog-shortcode.blog-masonry-shortcode-id-68e15a67b9b696db701b38b12f1d9e21:not(.resize-by-browser-width) .dt-css-grid {\n  display: flex;\n  flex-flow: row wrap;\n  margin: -15px;\n}\n.cssgridlegacy.no-cssgrid .blog-shortcode.blog-masonry-shortcode-id-68e15a67b9b696db701b38b12f1d9e21:not(.resize-by-browser-width) .dt-css-grid .wf-cell,\n.no-cssgridlegacy.no-cssgrid .blog-shortcode.blog-masonry-shortcode-id-68e15a67b9b696db701b38b12f1d9e21:not(.resize-by-browser-width) .dt-css-grid .wf-cell {\n  flex: 1 0 ;\n  max-width: 100%;\n  padding: 15px;\n  box-sizing: border-box;\n}\n.blog-shortcode.blog-masonry-shortcode-id-68e15a67b9b696db701b38b12f1d9e21.resize-by-browser-width .dt-css-grid {\n  grid-template-columns: repeat(3,1fr);\n  grid-template-rows: auto;\n  grid-column-gap: 30px;\n  grid-row-gap: 30px;\n}\n.blog-shortcode.blog-masonry-shortcode-id-68e15a67b9b696db701b38b12f1d9e21.resize-by-browser-width .dt-css-grid .double-width {\n  grid-column: span 2;\n}\n.cssgridlegacy.no-cssgrid .blog-shortcode.blog-masonry-shortcode-id-68e15a67b9b696db701b38b12f1d9e21.resize-by-browser-width .dt-css-grid {\n  margin: -15px;\n}\n.cssgridlegacy.no-cssgrid .blog-shortcode.blog-masonry-shortcode-id-68e15a67b9b696db701b38b12f1d9e21.resize-by-browser-width .dt-css-grid .wf-cell {\n  width: 33.333333333333%;\n  padding: 15px;\n}\n.cssgridlegacy.no-cssgrid .blog-shortcode.blog-masonry-shortcode-id-68e15a67b9b696db701b38b12f1d9e21.resize-by-browser-width .dt-css-grid .wf-cell.double-width {\n  width: calc(33.333333333333%) * 2;\n}\n.blog-shortcode.blog-masonry-shortcode-id-68e15a67b9b696db701b38b12f1d9e21.resize-by-browser-width:not(.centered-layout-list):not(.content-bg-on) .dt-css-grid {\n  grid-row-gap: 0px;\n}\n@media screen and (max-width: 1199px) {\n  .blog-shortcode.blog-masonry-shortcode-id-68e15a67b9b696db701b38b12f1d9e21.resize-by-browser-width .dt-css-grid {\n    grid-template-columns: repeat(3,1fr);\n  }\n  .cssgridlegacy.no-cssgrid .blog-shortcode.blog-masonry-shortcode-id-68e15a67b9b696db701b38b12f1d9e21.resize-by-browser-width .dt-css-grid .wf-cell,\n  .no-cssgridlegacy.no-cssgrid .blog-shortcode.blog-masonry-shortcode-id-68e15a67b9b696db701b38b12f1d9e21.resize-by-browser-width .dt-css-grid .wf-cell {\n    width: 33.333333333333%;\n  }\n  .cssgridlegacy.no-cssgrid .blog-shortcode.blog-masonry-shortcode-id-68e15a67b9b696db701b38b12f1d9e21.resize-by-browser-width .dt-css-grid .wf-cell.double-width,\n  .no-cssgridlegacy.no-cssgrid .blog-shortcode.blog-masonry-shortcode-id-68e15a67b9b696db701b38b12f1d9e21.resize-by-browser-width .dt-css-grid .wf-cell.double-width {\n    width: calc(33.333333333333%)*2;\n  }\n}\n@media screen and (max-width: 991px) {\n  .blog-shortcode.blog-masonry-shortcode-id-68e15a67b9b696db701b38b12f1d9e21.resize-by-browser-width .dt-css-grid {\n    grid-template-columns: repeat(2,1fr);\n  }\n  .cssgridlegacy.no-cssgrid .blog-shortcode.blog-masonry-shortcode-id-68e15a67b9b696db701b38b12f1d9e21.resize-by-browser-width .dt-css-grid .wf-cell,\n  .no-cssgridlegacy.no-cssgrid .blog-shortcode.blog-masonry-shortcode-id-68e15a67b9b696db701b38b12f1d9e21.resize-by-browser-width .dt-css-grid .wf-cell {\n    width: 50%;\n  }\n  .cssgridlegacy.no-cssgrid .blog-shortcode.blog-masonry-shortcode-id-68e15a67b9b696db701b38b12f1d9e21.resize-by-browser-width .dt-css-grid .wf-cell.double-width,\n  .no-cssgridlegacy.no-cssgrid .blog-shortcode.blog-masonry-shortcode-id-68e15a67b9b696db701b38b12f1d9e21.resize-by-browser-width .dt-css-grid .wf-cell.double-width {\n    width: calc(50%)*2;\n  }\n}\n@media screen and (max-width: 767px) {\n  .blog-shortcode.blog-masonry-shortcode-id-68e15a67b9b696db701b38b12f1d9e21.resize-by-browser-width .dt-css-grid {\n    grid-template-columns: repeat(1,1fr);\n  }\n  .blog-shortcode.blog-masonry-shortcode-id-68e15a67b9b696db701b38b12f1d9e21.resize-by-browser-width .dt-css-grid .double-width {\n    grid-column: span 1;\n  }\n  .cssgridlegacy.no-cssgrid .blog-shortcode.blog-masonry-shortcode-id-68e15a67b9b696db701b38b12f1d9e21.resize-by-browser-width .dt-css-grid .wf-cell,\n  .no-cssgridlegacy.no-cssgrid .blog-shortcode.blog-masonry-shortcode-id-68e15a67b9b696db701b38b12f1d9e21.resize-by-browser-width .dt-css-grid .wf-cell {\n    width: 100%;\n  }\n  .cssgridlegacy.no-cssgrid .blog-shortcode.blog-masonry-shortcode-id-68e15a67b9b696db701b38b12f1d9e21.resize-by-browser-width .dt-css-grid .wf-cell.double-width,\n  .no-cssgridlegacy.no-cssgrid .blog-shortcode.blog-masonry-shortcode-id-68e15a67b9b696db701b38b12f1d9e21.resize-by-browser-width .dt-css-grid .wf-cell.double-width {\n    width: calc(100%)*2;\n  }\n}\n<\/style><div class=\"blog-shortcode blog-masonry-shortcode-id-68e15a67b9b696db701b38b12f1d9e21 mode-grid classic-layout-list content-bg-on jquery-filter circle-fancy-style scale-img dt-css-grid-wrap dt-icon-bg-off resize-by-browser-width loading-effect-none description-under-image \" data-padding=\"15px\" data-cur-page=\"1\" data-post-limit=\"-1\" data-pagination-mode=\"none\" data-desktop-columns-num=\"3\" data-v-tablet-columns-num=\"2\" data-h-tablet-columns-num=\"3\" data-phone-columns-num=\"1\" data-width=\"0px\" data-columns=\"0\"><div class=\"dt-css-grid\" ><div class=\"visible wf-cell\" data-post-id=\"1513\" data-date=\"2020-12-18T09:45:33+01:00\" data-name=\"Projet d\u2019\u00e9change hybride \u2013 une bonne recette !\"><article class=\"post project-odd visible post-1513 type-post status-publish format-standard has-post-thumbnail hentry category-rencontres-interculturelles-de-jeunes category-39\" data-name=\"Projet d\u2019\u00e9change hybride \u2013 une bonne recette !\" data-date=\"2020-12-18T09:45:33+01:00\">\n\n<div class=\"post-thumbnail-wrap\">\n\t<div class=\"post-thumbnail\">\n\t\t\n\t\t\n\t\t<a href=\"https:\/\/www.ikab.de\/fr\/projet-dechange-hybride-une-bonne-recette\/\" class=\"post-thumbnail-rollover layzr-bg layzr-bg\" ><img class=\"iso-lazy-load preload-me iso-lazy-load\" src=\"data:image\/svg+xml,%3Csvg%20xmlns%3D&#39;http%3A%2F%2Fwww.w3.org%2F2000%2Fsvg&#39;%20viewBox%3D&#39;0%200%20768%20512&#39;%2F%3E\" data-src=\"https:\/\/www.ikab.de\/wp-content\/uploads\/Photo_Article_FR-768x512.png\" data-srcset=\"https:\/\/www.ikab.de\/wp-content\/uploads\/Photo_Article_FR-768x512.png 768w, https:\/\/www.ikab.de\/wp-content\/uploads\/Photo_Article_FR-850x567.png 850w\" alt=\"\" title=\"Photo_Article_FR\" width=\"768\" height=\"512\"  \/><\/a>\t<\/div>\n<\/div>\n\n\n<div class=\"post-entry-content\">\n\n\t<h3 class=\"entry-title\">\n\t\t<a href=\"https:\/\/www.ikab.de\/fr\/projet-dechange-hybride-une-bonne-recette\/\" title=\"Projet d\u2019\u00e9change hybride \u2013 une bonne recette !\" rel=\"bookmark\">Projet d\u2019\u00e9change hybride \u2013 une bonne recette !<\/a>\n\t<\/h3>\n\n\t<div class=\"entry-meta\"><span class=\"category-link\"><a href=\"https:\/\/www.ikab.de\/fr\/category\/rencontres-interculturelles-de-jeunes\/\" >Rencontres interculturelles de jeunes<\/a><\/span><a href=\"https:\/\/www.ikab.de\/fr\/2020\/12\/18\/\" title=\"9:45\" class=\"data-link\" rel=\"bookmark\"><time class=\"entry-date updated\" datetime=\"2020-12-18T09:45:33+01:00\">18. d\u00e9cembre 2020<\/time><\/a><\/div>\n\t<div class=\"entry-excerpt\"><p>Projet d\u2019\u00e9change hybride \u2013 une bonne recette\u00a0! Du 30 novembre au 4 d\u00e9cembre 2020, 27 jeunes vivant en France et en Allemagne ont particip\u00e9 \u00e0\u2026<\/p>\n<\/div>\n\t\n<a href=\"https:\/\/www.ikab.de\/fr\/projet-dechange-hybride-une-bonne-recette\/\" class=\"dt-btn-s dt-btn post-details details-type-btn\" aria-label=\"En savoir plus sur Projet d\u2019\u00e9change hybride \u2013 une bonne recette !\">En savoir plus<i class=\"dt-icon-the7-arrow-03\" aria-hidden=\"true\"><\/i><\/a>\n\n<\/div><\/article><\/div><div class=\"visible wf-cell\" data-post-id=\"1500\" data-date=\"2020-12-15T14:09:31+01:00\" data-name=\"Joyeuses f\u00eates de No\u00ebl !\"><article class=\"post project-odd visible post-1500 type-post status-publish format-standard has-post-thumbnail hentry category-a-propos-de-nous category-42\" data-name=\"Joyeuses f\u00eates de No\u00ebl !\" data-date=\"2020-12-15T14:09:31+01:00\">\n\n<div class=\"post-thumbnail-wrap\">\n\t<div class=\"post-thumbnail\">\n\t\t\n\t\t\n\t\t<a href=\"https:\/\/www.ikab.de\/fr\/joyeuses-fetes-de-noel\/\" class=\"post-thumbnail-rollover layzr-bg layzr-bg\" ><img class=\"iso-lazy-load preload-me iso-lazy-load\" src=\"data:image\/svg+xml,%3Csvg%20xmlns%3D&#39;http%3A%2F%2Fwww.w3.org%2F2000%2Fsvg&#39;%20viewBox%3D&#39;0%200%20768%20512&#39;%2F%3E\" data-src=\"https:\/\/www.ikab.de\/wp-content\/uploads\/christmas-2926962_1920-768x512.jpg\" data-srcset=\"https:\/\/www.ikab.de\/wp-content\/uploads\/christmas-2926962_1920-768x512.jpg 768w, https:\/\/www.ikab.de\/wp-content\/uploads\/christmas-2926962_1920-1152x768.jpg 1152w\" alt=\"\" title=\"christmas-2926962_1920\" width=\"768\" height=\"512\"  \/><\/a>\t<\/div>\n<\/div>\n\n\n<div class=\"post-entry-content\">\n\n\t<h3 class=\"entry-title\">\n\t\t<a href=\"https:\/\/www.ikab.de\/fr\/joyeuses-fetes-de-noel\/\" title=\"Joyeuses f\u00eates de No\u00ebl !\" rel=\"bookmark\">Joyeuses f\u00eates de No\u00ebl !<\/a>\n\t<\/h3>\n\n\t<div class=\"entry-meta\"><span class=\"category-link\"><a href=\"https:\/\/www.ikab.de\/fr\/category\/a-propos-de-nous\/\" >\u00c0 propos de nous<\/a><\/span><a href=\"https:\/\/www.ikab.de\/fr\/2020\/12\/15\/\" title=\"14:09\" class=\"data-link\" rel=\"bookmark\"><time class=\"entry-date updated\" datetime=\"2020-12-15T14:09:31+01:00\">15. d\u00e9cembre 2020<\/time><\/a><\/div>\n\t<div class=\"entry-excerpt\"><p>Joyeuses f\u00eates de No\u00ebl ! Nous souhaitons de joyeuses f\u00eates et une bonne ann\u00e9e \u00e0 tou.te.s! Notre bureau sera ferm\u00e9 du 21 au 31 d\u00e9cembre\u2026<\/p>\n<\/div>\n\t\n<a href=\"https:\/\/www.ikab.de\/fr\/joyeuses-fetes-de-noel\/\" class=\"dt-btn-s dt-btn post-details details-type-btn\" aria-label=\"En savoir plus sur Joyeuses f\u00eates de No\u00ebl !\">En savoir plus<i class=\"dt-icon-the7-arrow-03\" aria-hidden=\"true\"><\/i><\/a>\n\n<\/div><\/article><\/div><div class=\"visible wf-cell\" data-post-id=\"1430\" data-date=\"2020-09-29T09:38:33+02:00\" data-name=\"La mobilit\u00e9 dans l\u2019enseignement et la formation professionnelle : d\u00e9fis et opportunit\u00e9s en temps de crise 5\u00e8me conf\u00e9rence de l\u2019initiative \u00ab Route NN \u00bb Conf\u00e9rence en ligne, le 2 octobre 2020, 14h\/16h\"><article class=\"post project-odd visible post-1430 type-post status-publish format-standard has-post-thumbnail hentry category-non-classifiee category-21\" data-name=\"La mobilit\u00e9 dans l\u2019enseignement et la formation professionnelle : d\u00e9fis et opportunit\u00e9s en temps de crise 5\u00e8me conf\u00e9rence de l\u2019initiative \u00ab Route NN \u00bb Conf\u00e9rence en ligne, le 2 octobre 2020, 14h\/16h\" data-date=\"2020-09-29T09:38:33+02:00\">\n\n<div class=\"post-thumbnail-wrap\">\n\t<div class=\"post-thumbnail\">\n\t\t\n\t\t\n\t\t<a href=\"https:\/\/www.ikab.de\/fr\/la-mobilite-dans-lenseignement-et-la-formation-professionnelle-defis-et-opportunites-en-temps-de-crise-5eme-conference-de-linitiative-route-nn-conference-en-ligne-le\/\" class=\"post-thumbnail-rollover layzr-bg layzr-bg\" ><img class=\"iso-lazy-load preload-me iso-lazy-load\" src=\"data:image\/svg+xml,%3Csvg%20xmlns%3D&#39;http%3A%2F%2Fwww.w3.org%2F2000%2Fsvg&#39;%20viewBox%3D&#39;0%200%20768%20512&#39;%2F%3E\" data-src=\"https:\/\/www.ikab.de\/wp-content\/uploads\/4-768x512.png\" data-srcset=\"https:\/\/www.ikab.de\/wp-content\/uploads\/4-768x512.png 768w, https:\/\/www.ikab.de\/wp-content\/uploads\/4-1105x736.png 1105w\" alt=\"\" title=\"4\" width=\"768\" height=\"512\"  \/><\/a>\t<\/div>\n<\/div>\n\n\n<div class=\"post-entry-content\">\n\n\t<h3 class=\"entry-title\">\n\t\t<a href=\"https:\/\/www.ikab.de\/fr\/la-mobilite-dans-lenseignement-et-la-formation-professionnelle-defis-et-opportunites-en-temps-de-crise-5eme-conference-de-linitiative-route-nn-conference-en-ligne-le\/\" title=\"La mobilit\u00e9 dans l\u2019enseignement et la formation professionnelle : d\u00e9fis et opportunit\u00e9s en temps de crise 5\u00e8me conf\u00e9rence de l\u2019initiative \u00ab Route NN \u00bb Conf\u00e9rence en ligne, le 2 octobre 2020, 14h\/16h\" rel=\"bookmark\">La mobilit\u00e9 dans l\u2019enseignement et la formation professionnelle : d\u00e9fis et opportunit\u00e9s en temps de crise 5\u00e8me conf\u00e9rence de l\u2019initiative \u00ab Route NN \u00bb Conf\u00e9rence en ligne, le 2 octobre 2020, 14h\/16h<\/a>\n\t<\/h3>\n\n\t<div class=\"entry-meta\"><span class=\"category-link\"><a href=\"https:\/\/www.ikab.de\/fr\/category\/non-classifiee\/\" >Non classifi\u00e9(e)<\/a><\/span><a href=\"https:\/\/www.ikab.de\/fr\/2020\/09\/29\/\" title=\"9:38\" class=\"data-link\" rel=\"bookmark\"><time class=\"entry-date updated\" datetime=\"2020-09-29T09:38:33+02:00\">29. septembre 2020<\/time><\/a><\/div>\n\t<div class=\"entry-excerpt\"><p>Copyright : Route NN https:\/\/www.routenn.org\/ La mobilit\u00e9 dans l\u2019enseignement et la formation professionnelle : d\u00e9fis et opportunit\u00e9s en temps de crise 5\u00e8me conf\u00e9rence de l\u2019initiative\u2026<\/p>\n<\/div>\n\t\n<a href=\"https:\/\/www.ikab.de\/fr\/la-mobilite-dans-lenseignement-et-la-formation-professionnelle-defis-et-opportunites-en-temps-de-crise-5eme-conference-de-linitiative-route-nn-conference-en-ligne-le\/\" class=\"dt-btn-s dt-btn post-details details-type-btn\" aria-label=\"En savoir plus sur La mobilit\u00e9 dans l\u2019enseignement et la formation professionnelle : d\u00e9fis et opportunit\u00e9s en temps de crise 5\u00e8me conf\u00e9rence de l\u2019initiative \u00ab Route NN \u00bb Conf\u00e9rence en ligne, le 2 octobre 2020, 14h\/16h\">En savoir plus<i class=\"dt-icon-the7-arrow-03\" aria-hidden=\"true\"><\/i><\/a>\n\n<\/div><\/article><\/div><\/div><!-- iso-container|iso-grid --><\/div>[\/vc_column_inner][\/vc_row_inner][\/vc_column][\/vc_row]<\/p>\n<\/section>","protected":false},"excerpt":{"rendered":"<p>[vc_row margin_top=&#8221;50&#8243;][vc_column][vc_custom_heading text=&#8221;Nous vous souhaitons la bienvenue chez IKAB \u00e0 Bonn&#8221; font_container=&#8221;tag:h1|text_align:center&#8221; use_theme_fonts=&#8221;yes&#8221;][vc_column_text] Nous nous engageons dans l\u2019\u00e9ducation \u00e0 la citoyennet\u00e9 interculturelle th\u00e9orique et pratique. Nous r\u00e9alisons, sur une base d\u2019\u00e9valuation et de recherche, des offres destin\u00e9es aux jeunes et aux multiplicateur\u00b7rice\u00b7s \u0153uvrant dans le domaine du travail jeunesse et du travail social en Allemagne&hellip;<\/p>\n","protected":false},"author":1,"featured_media":0,"parent":0,"menu_order":0,"comment_status":"closed","ping_status":"closed","template":"","meta":[],"_links":{"self":[{"href":"https:\/\/www.ikab.de\/fr\/wp-json\/wp\/v2\/pages\/867"}],"collection":[{"href":"https:\/\/www.ikab.de\/fr\/wp-json\/wp\/v2\/pages"}],"about":[{"href":"https:\/\/www.ikab.de\/fr\/wp-json\/wp\/v2\/types\/page"}],"author":[{"embeddable":true,"href":"https:\/\/www.ikab.de\/fr\/wp-json\/wp\/v2\/users\/1"}],"replies":[{"embeddable":true,"href":"https:\/\/www.ikab.de\/fr\/wp-json\/wp\/v2\/comments?post=867"}],"version-history":[{"count":5,"href":"https:\/\/www.ikab.de\/fr\/wp-json\/wp\/v2\/pages\/867\/revisions"}],"predecessor-version":[{"id":970,"href":"https:\/\/www.ikab.de\/fr\/wp-json\/wp\/v2\/pages\/867\/revisions\/970"}],"wp:attachment":[{"href":"https:\/\/www.ikab.de\/fr\/wp-json\/wp\/v2\/media?parent=867"}],"curies":[{"name":"wp","href":"https:\/\/api.w.org\/{rel}","templated":true}]}}