{"id":914,"date":"2018-01-24T11:12:18","date_gmt":"2018-01-24T10:12:18","guid":{"rendered":"https:\/\/www.ikab.de\/impressum\/"},"modified":"2018-07-02T14:54:19","modified_gmt":"2018-07-02T12:54:19","slug":"mentions-legales","status":"publish","type":"page","link":"https:\/\/www.ikab.de\/fr\/mentions-legales\/","title":{"rendered":"Mentions l\u00e9gales"},"content":{"rendered":"<section class=\"wpb-content-wrapper\"><p>[vc_row 0=&#8221;&#8221;][vc_column][vc_column_text 0=&#8221;&#8221;]<\/p>\n<h2>Impressum<\/h2>\n<p>Angaben gem\u00e4\u00df \u00a7 5 TMG:<\/p>\n<p>IKAB e. V.<br \/>\nPoppelsdorfer Allee 92<br \/>\nD- 53115 Bonn<\/p>\n<h3>Vertreten durch:<\/h3>\n<p>Annette M\u00fctter<\/p>\n<h3>Kontakt:<\/h3>\n<p>Telefon: 0228 63 64 60<br \/>\nTelefax: 0228 69 48 48<br \/>\nE-Mail: <a href=\"mailto:info@ikab.de\">info@ikab.de<\/a><\/p>\n<h3>Registereintrag:<\/h3>\n<p>Eintragung im Vereinsregister.<br \/>\nRegistergericht:Amtsgericht Bonn<br \/>\nRegisternummer: 4546<\/p>\n<h3>Inklusive Sprache<\/h3>\n<p>Wir verwenden auf dieser Webseite (deutsche Version) das \u201eGender-Sternchen\u201c (*), um alle Menschen einzuschlie\u00dfen und zu nennen, auch jene, die sich weder dem weiblichen noch dem m\u00e4nnlichen Geschlecht zuordnen m\u00f6chten oder k\u00f6nnen.<\/p>\n<h3>Internet Service-Partner<\/h3>\n<p>SCHULZ MEDIEN<br \/>\n<em>Agentur f\u00fcr neue Medien<\/em><br \/>\n<a href=\"https:\/\/www.schulzmedien.com\/\" target=\"_blank\" rel=\"noopener\">www.schulzmedien.com<\/a><\/p>\n<h3>Streitschlichtung<\/h3>\n<p>Wir sind nicht bereit oder verpflichtet, an Streitbeilegungsverfahren vor einer Verbraucherschlichtungsstelle teilzunehmen.<\/p>\n<h3>Haftung f\u00fcr Inhalte<\/h3>\n<p>Als Diensteanbieter sind wir gem\u00e4\u00df \u00a7 7 Abs.1 TMG f\u00fcr eigene Inhalte auf diesen Seiten nach den<br \/>\nallgemeinen Gesetzen verantwortlich. Nach \u00a7\u00a7 8 bis 10 TMG sind wir als Diensteanbieter jedoch nicht verpflichtet, \u00fcbermittelte oder gespeicherte fremde Informationen zu \u00fcberwachen oder nach Umst\u00e4nden zu forschen, die auf eine rechtswidrige T\u00e4tigkeit hinweisen. Verpflichtungen zur Entfernung oder Sperrung der Nutzung von Informationen nach den allgemeinen Gesetzen bleiben hiervon unber\u00fchrt. Eine diesbez\u00fcgliche Haftung ist jedoch erst ab dem Zeitpunkt der Kenntnis einer konkreten Rechtsverletzung m\u00f6glich. Bei Bekanntwerden von entsprechenden<br \/>\nRechtsverletzungen werden wir diese Inhalte umgehend entfernen.<\/p>\n<h3>Haftung f\u00fcr Links<\/h3>\n<p>Unser Angebot enth\u00e4lt Links zu externen Websites Dritter, auf deren Inhalte wir keinen Einfluss haben. Deshalb k\u00f6nnen wir f\u00fcr diese fremden Inhalte auch keine Gew\u00e4hr \u00fcbernehmen. F\u00fcr die Inhalte der verlinkten Seiten ist stets der jeweilige Anbieter oder Betreiber der Seiten verantwortlich. Die verlinkten Seiten wurden zum Zeitpunkt der Verlinkung auf m\u00f6gliche Rechtsverst\u00f6\u00dfe \u00fcberpr\u00fcft. Rechtswidrige Inhalte waren zum Zeitpunkt der Verlinkung nicht erkennbar. Eine permanente inhaltliche Kontrolle der verlinkten Seiten ist jedoch ohne konkrete Anhaltspunkte einer Rechtsverletzung nicht zumutbar. Bei Bekanntwerden von Rechtsverletzungen werden wir derartige Links umgehend entfernen.<\/p>\n<h3>Urheberrecht<\/h3>\n<p>Die durch die Seitenbetreiber erstellten Inhalte und Werke auf diesen Seiten unterliegen dem deutschen Urheberrecht. Die Vervielf\u00e4ltigung, Bearbeitung, Verbreitung und jede Art der Verwertung au\u00dferhalb der Grenzen des Urheberrechtes bed\u00fcrfen der schriftlichen Zustimmung des jeweiligen Autors bzw. Erstellers. Downloads und Kopien dieser Seite sind nur f\u00fcr den privaten, nicht kommerziellen Gebrauch gestattet. Soweit die Inhalte auf dieser Seite nicht vom Betreiber erstellt wurden, werden die Urheberrechte Dritter beachtet. Insbesondere werden Inhalte Dritter als solche gekennzeichnet. Sollten Sie trotzdem auf eine Urheberrechtsverletzung aufmerksam werden, bitten wir um einen entsprechenden Hinweis. Bei Bekanntwerden von Rechtsverletzungen werden wir derartige Inhalte umgehend entfernen.<\/p>\n<p>Quelle: <a href=\"https:\/\/www.e-recht24.de\/\" target=\"_blank\" rel=\"noopener\">eRecht24<\/a>[\/vc_column_text][vc_separator 0=&#8221;&#8221;][vc_column_text 0=&#8221;&#8221;]<a href=\"https:\/\/www.ikab.de\/fr\/protection-des-donnees\/\">Protection des donn\u00e9es<\/a>[\/vc_column_text][\/vc_column][\/vc_row]<\/p>\n<\/section>","protected":false},"excerpt":{"rendered":"<p>[vc_row 0=&#8221;&#8221;][vc_column][vc_column_text 0=&#8221;&#8221;] Impressum Angaben gem\u00e4\u00df \u00a7 5 TMG: IKAB e. V. Poppelsdorfer Allee 92 D- 53115 Bonn Vertreten durch: Annette M\u00fctter Kontakt: Telefon: 0228 63 64 60 Telefax: 0228 69 48 48 E-Mail: info@ikab.de Registereintrag: Eintragung im Vereinsregister. Registergericht:Amtsgericht Bonn Registernummer: 4546 Inklusive Sprache Wir verwenden auf dieser Webseite (deutsche Version) das \u201eGender-Sternchen\u201c (*),&hellip;<\/p>\n","protected":false},"author":1,"featured_media":0,"parent":0,"menu_order":0,"comment_status":"closed","ping_status":"closed","template":"","meta":[],"_links":{"self":[{"href":"https:\/\/www.ikab.de\/fr\/wp-json\/wp\/v2\/pages\/914"}],"collection":[{"href":"https:\/\/www.ikab.de\/fr\/wp-json\/wp\/v2\/pages"}],"about":[{"href":"https:\/\/www.ikab.de\/fr\/wp-json\/wp\/v2\/types\/page"}],"author":[{"embeddable":true,"href":"https:\/\/www.ikab.de\/fr\/wp-json\/wp\/v2\/users\/1"}],"replies":[{"embeddable":true,"href":"https:\/\/www.ikab.de\/fr\/wp-json\/wp\/v2\/comments?post=914"}],"version-history":[{"count":2,"href":"https:\/\/www.ikab.de\/fr\/wp-json\/wp\/v2\/pages\/914\/revisions"}],"predecessor-version":[{"id":933,"href":"https:\/\/www.ikab.de\/fr\/wp-json\/wp\/v2\/pages\/914\/revisions\/933"}],"wp:attachment":[{"href":"https:\/\/www.ikab.de\/fr\/wp-json\/wp\/v2\/media?parent=914"}],"curies":[{"name":"wp","href":"https:\/\/api.w.org\/{rel}","templated":true}]}}